{"id":129250,"date":"2025-11-13T17:07:49","date_gmt":"2025-11-13T16:07:49","guid":{"rendered":"https:\/\/www.ernstbrunn-apotheke.at\/katalog\/produkt\/swirr-nebelautomat-20-g\/"},"modified":"2025-12-09T10:08:18","modified_gmt":"2025-12-09T09:08:18","slug":"swirr-nebelautomat-20-g","status":"publish","type":"product","link":"https:\/\/www.ernstbrunn-apotheke.at\/katalog\/produkt\/swirr-nebelautomat-20-g\/","title":{"rendered":"Swirr Nebelautomat 20 g"},"content":{"rendered":"<p>Swirr Nebelautomat &#8211; Zur Bek\u00e4mpfung von Schadinsekten!Thermischer Nebel zur Bek\u00e4mpfung von Insekten- und Ungezieferarten in geschlossenen R\u00e4umen.Bek\u00e4mpft zuverl\u00e4ssig alle Arten von Schaben, K\u00e4fern, Asseln, Wespen, Motten, Spinnen, Silberfischchen u.a.Anwendungsbereiche sind: Lagerr\u00e4ume, gewerbliche Betriebe, leere Stallungen, Gew\u00e4chsh\u00e4user, Eisenbahnwaggons, Kellerabteile, Dachb\u00f6den, private Haushalte, Magazine u.v.m..<\/p>\n","protected":false},"excerpt":{"rendered":"<p>Swirr Nebelautomat &#8211; Zur Bek\u00e4mpfung von Schadinsekten!Thermischer Nebel zur Bek\u00e4mpfung von Insekten- und Ungezieferarten in geschlossenen R\u00e4umen.Bek\u00e4mpft zuverl\u00e4ssig alle Arten von Schaben, K\u00e4fern, Asseln, Wespen, Motten, Spinnen, Silberfischchen u.a.Anwendungsbereiche sind: Lagerr\u00e4ume, gewerbliche Betriebe, leere Stallungen, Gew\u00e4chsh\u00e4user, Eisenbahnwaggons, Kellerabteile, Dachb\u00f6den, private Haushalte, Magazine u.v.m..<\/p>\n","protected":false},"featured_media":129252,"template":"","meta":{"_acf_changed":false},"product_brand":[],"product_cat":[791],"product_tag":[],"class_list":{"0":"post-129250","1":"product","2":"type-product","3":"status-publish","4":"has-post-thumbnail","6":"product_cat-s","7":"pa_packungsgroesse-20g","9":"first","10":"instock","11":"shipping-taxable","12":"purchasable","13":"product-type-simple"},"acf":[],"_links":{"self":[{"href":"https:\/\/www.ernstbrunn-apotheke.at\/katalog\/wp-json\/wp\/v2\/product\/129250","targetHints":{"allow":["GET"]}}],"collection":[{"href":"https:\/\/www.ernstbrunn-apotheke.at\/katalog\/wp-json\/wp\/v2\/product"}],"about":[{"href":"https:\/\/www.ernstbrunn-apotheke.at\/katalog\/wp-json\/wp\/v2\/types\/product"}],"wp:featuredmedia":[{"embeddable":true,"href":"https:\/\/www.ernstbrunn-apotheke.at\/katalog\/wp-json\/wp\/v2\/media\/129252"}],"wp:attachment":[{"href":"https:\/\/www.ernstbrunn-apotheke.at\/katalog\/wp-json\/wp\/v2\/media?parent=129250"}],"wp:term":[{"taxonomy":"product_brand","embeddable":true,"href":"https:\/\/www.ernstbrunn-apotheke.at\/katalog\/wp-json\/wp\/v2\/product_brand?post=129250"},{"taxonomy":"product_cat","embeddable":true,"href":"https:\/\/www.ernstbrunn-apotheke.at\/katalog\/wp-json\/wp\/v2\/product_cat?post=129250"},{"taxonomy":"product_tag","embeddable":true,"href":"https:\/\/www.ernstbrunn-apotheke.at\/katalog\/wp-json\/wp\/v2\/product_tag?post=129250"}],"curies":[{"name":"wp","href":"https:\/\/api.w.org\/{rel}","templated":true}]}}