{"id":129144,"date":"2025-11-13T17:05:53","date_gmt":"2025-11-13T16:05:53","guid":{"rendered":"https:\/\/www.ernstbrunn-apotheke.at\/katalog\/produkt\/muconatural-complete-sirup-128-g\/"},"modified":"2025-12-09T10:07:53","modified_gmt":"2025-12-09T09:07:53","slug":"muconatural-complete-sirup-128-g","status":"publish","type":"product","link":"https:\/\/www.ernstbrunn-apotheke.at\/katalog\/produkt\/muconatural-complete-sirup-128-g\/","title":{"rendered":"Muconatural Complete Sirup 128 g"},"content":{"rendered":"<p>MUCONATURAL\u00ae complete ist ein Medizinprodukt zur Behandlung von Husten (trockener Husten und Husten mit Schleim) und insbesondere f\u00fcr Husten im Rahmen einer Infektion der oberen Atemwege geeignet. Er f\u00f6rdert die Befeuchtung des Schleims und erleichtert den Abfluss und bildet einen \u201eFilm\u201c, der die Schleimhaut vor Kontakt mit Reizstoffen sch\u00fctzt. MUCONATURAL\u00ae complete ist zu 100 % nat\u00fcrlich und enth\u00e4lt keine Konservierungsmittel, Farbstoffe oder andere synthetische Bestandteile. Die nat\u00fcrlichen Aromen aus Orange, Pfirsich und Zitrone verleihen dem Saft einen besonders angenehmen Geschmack.<\/p>\n","protected":false},"excerpt":{"rendered":"<p>MUCONATURAL\u00ae complete ist ein Medizinprodukt zur Behandlung von Husten (trockener Husten und Husten mit Schleim) und insbesondere f\u00fcr Husten im Rahmen einer Infektion der oberen Atemwege geeignet. Er f\u00f6rdert die Befeuchtung des Schleims und erleichtert den Abfluss und bildet einen \u201eFilm\u201c, der die Schleimhaut vor Kontakt mit Reizstoffen sch\u00fctzt. MUCONATURAL\u00ae complete ist zu 100 % [&hellip;]<\/p>\n","protected":false},"featured_media":0,"template":"","meta":{"_acf_changed":false},"product_brand":[],"product_cat":[800],"product_tag":[],"class_list":{"0":"post-129144","1":"product","2":"type-product","3":"status-publish","5":"product_cat-m","6":"pa_packungsgroesse-128g","8":"first","9":"instock","10":"shipping-taxable","11":"purchasable","12":"product-type-simple"},"acf":[],"_links":{"self":[{"href":"https:\/\/www.ernstbrunn-apotheke.at\/katalog\/wp-json\/wp\/v2\/product\/129144","targetHints":{"allow":["GET"]}}],"collection":[{"href":"https:\/\/www.ernstbrunn-apotheke.at\/katalog\/wp-json\/wp\/v2\/product"}],"about":[{"href":"https:\/\/www.ernstbrunn-apotheke.at\/katalog\/wp-json\/wp\/v2\/types\/product"}],"wp:attachment":[{"href":"https:\/\/www.ernstbrunn-apotheke.at\/katalog\/wp-json\/wp\/v2\/media?parent=129144"}],"wp:term":[{"taxonomy":"product_brand","embeddable":true,"href":"https:\/\/www.ernstbrunn-apotheke.at\/katalog\/wp-json\/wp\/v2\/product_brand?post=129144"},{"taxonomy":"product_cat","embeddable":true,"href":"https:\/\/www.ernstbrunn-apotheke.at\/katalog\/wp-json\/wp\/v2\/product_cat?post=129144"},{"taxonomy":"product_tag","embeddable":true,"href":"https:\/\/www.ernstbrunn-apotheke.at\/katalog\/wp-json\/wp\/v2\/product_tag?post=129144"}],"curies":[{"name":"wp","href":"https:\/\/api.w.org\/{rel}","templated":true}]}}