{"id":129110,"date":"2025-11-13T17:05:06","date_gmt":"2025-11-13T16:05:06","guid":{"rendered":"https:\/\/www.ernstbrunn-apotheke.at\/katalog\/produkt\/moringa-vollextrakt-600-mg-kapseln-90-stk\/"},"modified":"2025-12-09T10:07:44","modified_gmt":"2025-12-09T09:07:44","slug":"moringa-vollextrakt-600-mg-kapseln-90-stk","status":"publish","type":"product","link":"https:\/\/www.ernstbrunn-apotheke.at\/katalog\/produkt\/moringa-vollextrakt-600-mg-kapseln-90-stk\/","title":{"rendered":"Moringa Vollextrakt 600 mg Kapseln 90 Stk."},"content":{"rendered":"<p>Moringa Vollextrakt 600 mg Kapseln ist ein Nahrungserg\u00e4nzungsmittel aus dem Extrakt der Pflanze Moringa oleifera. Die Pflanzenteile der Moringa oleifera werden seit \u00fcber 5.000 Jahre in der Menschheitsgeschichte eingesetzt, und dienen als nat\u00fcrliche Energie- und N\u00e4hrstofflieferanten..<\/p>\n","protected":false},"excerpt":{"rendered":"<p>Moringa Vollextrakt 600 mg Kapseln ist ein Nahrungserg\u00e4nzungsmittel aus dem Extrakt der Pflanze Moringa oleifera. Die Pflanzenteile der Moringa oleifera werden seit \u00fcber 5.000 Jahre in der Menschheitsgeschichte eingesetzt, und dienen als nat\u00fcrliche Energie- und N\u00e4hrstofflieferanten..<\/p>\n","protected":false},"featured_media":0,"template":"","meta":{"_acf_changed":false},"product_brand":[],"product_cat":[800],"product_tag":[],"class_list":{"0":"post-129110","1":"product","2":"type-product","3":"status-publish","5":"product_cat-m","6":"pa_packungsgroesse-90-stueck","8":"first","9":"instock","10":"shipping-taxable","11":"purchasable","12":"product-type-simple"},"acf":[],"_links":{"self":[{"href":"https:\/\/www.ernstbrunn-apotheke.at\/katalog\/wp-json\/wp\/v2\/product\/129110","targetHints":{"allow":["GET"]}}],"collection":[{"href":"https:\/\/www.ernstbrunn-apotheke.at\/katalog\/wp-json\/wp\/v2\/product"}],"about":[{"href":"https:\/\/www.ernstbrunn-apotheke.at\/katalog\/wp-json\/wp\/v2\/types\/product"}],"wp:attachment":[{"href":"https:\/\/www.ernstbrunn-apotheke.at\/katalog\/wp-json\/wp\/v2\/media?parent=129110"}],"wp:term":[{"taxonomy":"product_brand","embeddable":true,"href":"https:\/\/www.ernstbrunn-apotheke.at\/katalog\/wp-json\/wp\/v2\/product_brand?post=129110"},{"taxonomy":"product_cat","embeddable":true,"href":"https:\/\/www.ernstbrunn-apotheke.at\/katalog\/wp-json\/wp\/v2\/product_cat?post=129110"},{"taxonomy":"product_tag","embeddable":true,"href":"https:\/\/www.ernstbrunn-apotheke.at\/katalog\/wp-json\/wp\/v2\/product_tag?post=129110"}],"curies":[{"name":"wp","href":"https:\/\/api.w.org\/{rel}","templated":true}]}}