{"id":128900,"date":"2025-11-13T16:58:43","date_gmt":"2025-11-13T15:58:43","guid":{"rendered":"https:\/\/www.ernstbrunn-apotheke.at\/katalog\/produkt\/oekopharm-l-lysin-saft\/"},"modified":"2025-12-09T10:07:19","modified_gmt":"2025-12-09T09:07:19","slug":"oekopharm-l-lysin-saft","status":"publish","type":"product","link":"https:\/\/www.ernstbrunn-apotheke.at\/katalog\/produkt\/oekopharm-l-lysin-saft\/","title":{"rendered":"\u00d6kopharm L-Lysin Saft"},"content":{"rendered":"<p>\u00d6kopharm LysImmun Saft ist durchdacht zusammengesetzt mit L-Lysin, 1Zink, Selen und Vitamin C zur Unterst\u00fctzung der normalen Funktion des Immunsystems, 2Vitamin A und B2 als Beitrag zur Erhaltung normaler Haut und Schleimh\u00e4ute, mit Zistrosen-Extrakt und Phyto-Panmol\u00ae Vitamin C aus der Acerolakirsche.<\/p>\n","protected":false},"excerpt":{"rendered":"<p>\u00d6kopharm LysImmun Saft ist durchdacht zusammengesetzt mit L-Lysin, 1Zink, Selen und Vitamin C zur Unterst\u00fctzung der normalen Funktion des Immunsystems, 2Vitamin A und B2 als Beitrag zur Erhaltung normaler Haut und Schleimh\u00e4ute, mit Zistrosen-Extrakt und Phyto-Panmol\u00ae Vitamin C aus der Acerolakirsche.<\/p>\n","protected":false},"featured_media":6656,"template":"","meta":{"_acf_changed":false},"product_brand":[357],"product_cat":[801],"product_tag":[],"class_list":{"0":"post-128900","1":"product","2":"type-product","3":"status-publish","4":"has-post-thumbnail","6":"product_brand-oekopharm","7":"product_cat-a","8":"pa_packungsgroesse-250ml","10":"first","11":"instock","12":"shipping-taxable","13":"purchasable","14":"product-type-simple"},"acf":[],"_links":{"self":[{"href":"https:\/\/www.ernstbrunn-apotheke.at\/katalog\/wp-json\/wp\/v2\/product\/128900","targetHints":{"allow":["GET"]}}],"collection":[{"href":"https:\/\/www.ernstbrunn-apotheke.at\/katalog\/wp-json\/wp\/v2\/product"}],"about":[{"href":"https:\/\/www.ernstbrunn-apotheke.at\/katalog\/wp-json\/wp\/v2\/types\/product"}],"wp:featuredmedia":[{"embeddable":true,"href":"https:\/\/www.ernstbrunn-apotheke.at\/katalog\/wp-json\/wp\/v2\/media\/6656"}],"wp:attachment":[{"href":"https:\/\/www.ernstbrunn-apotheke.at\/katalog\/wp-json\/wp\/v2\/media?parent=128900"}],"wp:term":[{"taxonomy":"product_brand","embeddable":true,"href":"https:\/\/www.ernstbrunn-apotheke.at\/katalog\/wp-json\/wp\/v2\/product_brand?post=128900"},{"taxonomy":"product_cat","embeddable":true,"href":"https:\/\/www.ernstbrunn-apotheke.at\/katalog\/wp-json\/wp\/v2\/product_cat?post=128900"},{"taxonomy":"product_tag","embeddable":true,"href":"https:\/\/www.ernstbrunn-apotheke.at\/katalog\/wp-json\/wp\/v2\/product_tag?post=128900"}],"curies":[{"name":"wp","href":"https:\/\/api.w.org\/{rel}","templated":true}]}}