{"id":12884,"date":"2025-11-07T14:57:04","date_gmt":"2025-11-07T13:57:04","guid":{"rendered":"https:\/\/www.ernstbrunn-apotheke.at\/katalog\/produkt\/adecaps-kapseln-60-stk\/"},"modified":"2025-12-08T13:34:21","modified_gmt":"2025-12-08T12:34:21","slug":"adecaps-kapseln-60-stk","status":"publish","type":"product","link":"https:\/\/www.ernstbrunn-apotheke.at\/katalog\/produkt\/adecaps-kapseln-60-stk\/","title":{"rendered":"Adecaps Kapseln 60 Stk."},"content":{"rendered":"<p>Die Adecaps Kapseln enthalten nat\u00fcrliches Lebertran mit Vitamin D und A und sorgen f\u00fcr ein normales Knochenwachstum bei Kindern. Die sehr kleinen Weichgelatinekapseln erleichtern die t\u00e4gliche Einnahme und sind daher f\u00fcr Kinder optimal geeignet..<\/p>\n","protected":false},"excerpt":{"rendered":"<p>Die Adecaps Kapseln enthalten nat\u00fcrliches Lebertran mit Vitamin D und A und sorgen f\u00fcr ein normales Knochenwachstum bei Kindern. Die sehr kleinen Weichgelatinekapseln erleichtern die t\u00e4gliche Einnahme und sind daher f\u00fcr Kinder optimal geeignet..<\/p>\n","protected":false},"featured_media":12886,"template":"","meta":{"_acf_changed":false},"product_brand":[],"product_cat":[801],"product_tag":[],"class_list":{"0":"post-12884","1":"product","2":"type-product","3":"status-publish","4":"has-post-thumbnail","6":"product_cat-a","7":"pa_packungsgroesse-60-stueck","9":"first","10":"instock","11":"shipping-taxable","12":"purchasable","13":"product-type-simple"},"acf":[],"_links":{"self":[{"href":"https:\/\/www.ernstbrunn-apotheke.at\/katalog\/wp-json\/wp\/v2\/product\/12884","targetHints":{"allow":["GET"]}}],"collection":[{"href":"https:\/\/www.ernstbrunn-apotheke.at\/katalog\/wp-json\/wp\/v2\/product"}],"about":[{"href":"https:\/\/www.ernstbrunn-apotheke.at\/katalog\/wp-json\/wp\/v2\/types\/product"}],"wp:featuredmedia":[{"embeddable":true,"href":"https:\/\/www.ernstbrunn-apotheke.at\/katalog\/wp-json\/wp\/v2\/media\/12886"}],"wp:attachment":[{"href":"https:\/\/www.ernstbrunn-apotheke.at\/katalog\/wp-json\/wp\/v2\/media?parent=12884"}],"wp:term":[{"taxonomy":"product_brand","embeddable":true,"href":"https:\/\/www.ernstbrunn-apotheke.at\/katalog\/wp-json\/wp\/v2\/product_brand?post=12884"},{"taxonomy":"product_cat","embeddable":true,"href":"https:\/\/www.ernstbrunn-apotheke.at\/katalog\/wp-json\/wp\/v2\/product_cat?post=12884"},{"taxonomy":"product_tag","embeddable":true,"href":"https:\/\/www.ernstbrunn-apotheke.at\/katalog\/wp-json\/wp\/v2\/product_tag?post=12884"}],"curies":[{"name":"wp","href":"https:\/\/api.w.org\/{rel}","templated":true}]}}