{"id":128814,"date":"2025-11-13T16:56:32","date_gmt":"2025-11-13T15:56:32","guid":{"rendered":"https:\/\/www.ernstbrunn-apotheke.at\/katalog\/produkt\/norsan-omega-3-arktis-oel-200-ml\/"},"modified":"2025-12-09T10:07:10","modified_gmt":"2025-12-09T09:07:10","slug":"norsan-omega-3-arktis-oel-200-ml","status":"publish","type":"product","link":"https:\/\/www.ernstbrunn-apotheke.at\/katalog\/produkt\/norsan-omega-3-arktis-oel-200-ml\/","title":{"rendered":"NORSAN Omega-3 Arktis \u00d6l 200 ml"},"content":{"rendered":"<p>Omega-3 Arktis (200 ml) ist ein rein nat\u00fcrliches Dorsch\u00f6l aus nachhaltiger arktischer Fischerei. Gut f\u00fcr Herz, Augen und Gehirn &#8211; dauerhaft preisreduziert bestellen!<\/p>\n","protected":false},"excerpt":{"rendered":"<p>Omega-3 Arktis (200 ml) ist ein rein nat\u00fcrliches Dorsch\u00f6l aus nachhaltiger arktischer Fischerei. Gut f\u00fcr Herz, Augen und Gehirn &#8211; dauerhaft preisreduziert bestellen!<\/p>\n","protected":false},"featured_media":128816,"template":"","meta":{"_acf_changed":false},"product_brand":[],"product_cat":[797],"product_tag":[],"class_list":{"0":"post-128814","1":"product","2":"type-product","3":"status-publish","4":"has-post-thumbnail","6":"product_cat-n","7":"pa_packungsgroesse-200ml","9":"first","10":"instock","11":"shipping-taxable","12":"purchasable","13":"product-type-simple"},"acf":[],"_links":{"self":[{"href":"https:\/\/www.ernstbrunn-apotheke.at\/katalog\/wp-json\/wp\/v2\/product\/128814","targetHints":{"allow":["GET"]}}],"collection":[{"href":"https:\/\/www.ernstbrunn-apotheke.at\/katalog\/wp-json\/wp\/v2\/product"}],"about":[{"href":"https:\/\/www.ernstbrunn-apotheke.at\/katalog\/wp-json\/wp\/v2\/types\/product"}],"wp:featuredmedia":[{"embeddable":true,"href":"https:\/\/www.ernstbrunn-apotheke.at\/katalog\/wp-json\/wp\/v2\/media\/128816"}],"wp:attachment":[{"href":"https:\/\/www.ernstbrunn-apotheke.at\/katalog\/wp-json\/wp\/v2\/media?parent=128814"}],"wp:term":[{"taxonomy":"product_brand","embeddable":true,"href":"https:\/\/www.ernstbrunn-apotheke.at\/katalog\/wp-json\/wp\/v2\/product_brand?post=128814"},{"taxonomy":"product_cat","embeddable":true,"href":"https:\/\/www.ernstbrunn-apotheke.at\/katalog\/wp-json\/wp\/v2\/product_cat?post=128814"},{"taxonomy":"product_tag","embeddable":true,"href":"https:\/\/www.ernstbrunn-apotheke.at\/katalog\/wp-json\/wp\/v2\/product_tag?post=128814"}],"curies":[{"name":"wp","href":"https:\/\/api.w.org\/{rel}","templated":true}]}}