{"id":128801,"date":"2025-11-13T16:55:52","date_gmt":"2025-11-13T15:55:52","guid":{"rendered":"https:\/\/www.ernstbrunn-apotheke.at\/katalog\/produkt\/noreva-zeniac-reinigungs-und-waschgel\/"},"modified":"2025-12-09T10:07:09","modified_gmt":"2025-12-09T09:07:09","slug":"noreva-zeniac-reinigungs-und-waschgel","status":"publish","type":"product","link":"https:\/\/www.ernstbrunn-apotheke.at\/katalog\/produkt\/noreva-zeniac-reinigungs-und-waschgel\/","title":{"rendered":"Noreva Zeniac Reinigungs- und Waschgel"},"content":{"rendered":"<p>Noreva Zeniac Reinigungs- und Waschgel wirkt hautgl\u00e4ttend und tr\u00e4gt zur Verminderung \u00fcberm\u00e4\u00dfiger Hornzellhaftung in den Talgdr\u00fcsenausf\u00fchrungsg\u00e4ngen bei. Au\u00dferdem wird die Hemmung der Keimvermehrung auf der Haut bewirkt und die Talgproduktion vermindert.<\/p>\n","protected":false},"excerpt":{"rendered":"<p>Noreva Zeniac Reinigungs- und Waschgel wirkt hautgl\u00e4ttend und tr\u00e4gt zur Verminderung \u00fcberm\u00e4\u00dfiger Hornzellhaftung in den Talgdr\u00fcsenausf\u00fchrungsg\u00e4ngen bei. Au\u00dferdem wird die Hemmung der Keimvermehrung auf der Haut bewirkt und die Talgproduktion vermindert.<\/p>\n","protected":false},"featured_media":128803,"template":"","meta":{"_acf_changed":false},"product_brand":[],"product_cat":[797],"product_tag":[],"class_list":{"0":"post-128801","1":"product","2":"type-product","3":"status-publish","4":"has-post-thumbnail","6":"product_cat-n","7":"pa_packungsgroesse-200ml","9":"first","10":"instock","11":"shipping-taxable","12":"purchasable","13":"product-type-simple"},"acf":[],"_links":{"self":[{"href":"https:\/\/www.ernstbrunn-apotheke.at\/katalog\/wp-json\/wp\/v2\/product\/128801","targetHints":{"allow":["GET"]}}],"collection":[{"href":"https:\/\/www.ernstbrunn-apotheke.at\/katalog\/wp-json\/wp\/v2\/product"}],"about":[{"href":"https:\/\/www.ernstbrunn-apotheke.at\/katalog\/wp-json\/wp\/v2\/types\/product"}],"wp:featuredmedia":[{"embeddable":true,"href":"https:\/\/www.ernstbrunn-apotheke.at\/katalog\/wp-json\/wp\/v2\/media\/128803"}],"wp:attachment":[{"href":"https:\/\/www.ernstbrunn-apotheke.at\/katalog\/wp-json\/wp\/v2\/media?parent=128801"}],"wp:term":[{"taxonomy":"product_brand","embeddable":true,"href":"https:\/\/www.ernstbrunn-apotheke.at\/katalog\/wp-json\/wp\/v2\/product_brand?post=128801"},{"taxonomy":"product_cat","embeddable":true,"href":"https:\/\/www.ernstbrunn-apotheke.at\/katalog\/wp-json\/wp\/v2\/product_cat?post=128801"},{"taxonomy":"product_tag","embeddable":true,"href":"https:\/\/www.ernstbrunn-apotheke.at\/katalog\/wp-json\/wp\/v2\/product_tag?post=128801"}],"curies":[{"name":"wp","href":"https:\/\/api.w.org\/{rel}","templated":true}]}}