{"id":128753,"date":"2025-11-13T16:54:28","date_gmt":"2025-11-13T15:54:28","guid":{"rendered":"https:\/\/www.ernstbrunn-apotheke.at\/katalog\/produkt\/noreva-sensidiane-creme-empfindliche-haut-mischhaut\/"},"modified":"2025-12-09T10:07:05","modified_gmt":"2025-12-09T09:07:05","slug":"noreva-sensidiane-creme-empfindliche-haut-mischhaut","status":"publish","type":"product","link":"https:\/\/www.ernstbrunn-apotheke.at\/katalog\/produkt\/noreva-sensidiane-creme-empfindliche-haut-mischhaut\/","title":{"rendered":"Noreva Sensidiane Creme Empfindliche Haut Mischhaut"},"content":{"rendered":"<p>Noreva Sensidiane Creme Empfindliche Haut Mischhaut normalisiert Empfindlichkeit und Toleranzschwelle, stellt die Barrierefunktion der Haut wieder her und sch\u00fctzt die Haut vor \u00e4u\u00dferen Reizen. Au\u00dferdem vermindert die Creme sichtbar Hautr\u00f6tungen und macht den Teint gleichm\u00e4\u00dfiger. Zudem gew\u00e4hrleistet sie eine gute Hydratation, beruhigt die Haut und f\u00fchrt zu nachhaltigem Wohlbefinden und angenehmem Frischegef\u00fchl.<\/p>\n","protected":false},"excerpt":{"rendered":"<p>Noreva Sensidiane Creme Empfindliche Haut Mischhaut normalisiert Empfindlichkeit und Toleranzschwelle, stellt die Barrierefunktion der Haut wieder her und sch\u00fctzt die Haut vor \u00e4u\u00dferen Reizen. Au\u00dferdem vermindert die Creme sichtbar Hautr\u00f6tungen und macht den Teint gleichm\u00e4\u00dfiger. Zudem gew\u00e4hrleistet sie eine gute Hydratation, beruhigt die Haut und f\u00fchrt zu nachhaltigem Wohlbefinden und angenehmem Frischegef\u00fchl.<\/p>\n","protected":false},"featured_media":128755,"template":"","meta":{"_acf_changed":false},"product_brand":[],"product_cat":[797],"product_tag":[],"class_list":{"0":"post-128753","1":"product","2":"type-product","3":"status-publish","4":"has-post-thumbnail","6":"product_cat-n","7":"pa_packungsgroesse-40ml","9":"first","10":"instock","11":"shipping-taxable","12":"purchasable","13":"product-type-simple"},"acf":[],"_links":{"self":[{"href":"https:\/\/www.ernstbrunn-apotheke.at\/katalog\/wp-json\/wp\/v2\/product\/128753","targetHints":{"allow":["GET"]}}],"collection":[{"href":"https:\/\/www.ernstbrunn-apotheke.at\/katalog\/wp-json\/wp\/v2\/product"}],"about":[{"href":"https:\/\/www.ernstbrunn-apotheke.at\/katalog\/wp-json\/wp\/v2\/types\/product"}],"wp:featuredmedia":[{"embeddable":true,"href":"https:\/\/www.ernstbrunn-apotheke.at\/katalog\/wp-json\/wp\/v2\/media\/128755"}],"wp:attachment":[{"href":"https:\/\/www.ernstbrunn-apotheke.at\/katalog\/wp-json\/wp\/v2\/media?parent=128753"}],"wp:term":[{"taxonomy":"product_brand","embeddable":true,"href":"https:\/\/www.ernstbrunn-apotheke.at\/katalog\/wp-json\/wp\/v2\/product_brand?post=128753"},{"taxonomy":"product_cat","embeddable":true,"href":"https:\/\/www.ernstbrunn-apotheke.at\/katalog\/wp-json\/wp\/v2\/product_cat?post=128753"},{"taxonomy":"product_tag","embeddable":true,"href":"https:\/\/www.ernstbrunn-apotheke.at\/katalog\/wp-json\/wp\/v2\/product_tag?post=128753"}],"curies":[{"name":"wp","href":"https:\/\/api.w.org\/{rel}","templated":true}]}}