{"id":128723,"date":"2025-11-13T16:53:33","date_gmt":"2025-11-13T15:53:33","guid":{"rendered":"https:\/\/www.ernstbrunn-apotheke.at\/katalog\/produkt\/sedax-creme-30-ml\/"},"modified":"2025-12-09T10:07:04","modified_gmt":"2025-12-09T09:07:04","slug":"sedax-creme-30-ml","status":"publish","type":"product","link":"https:\/\/www.ernstbrunn-apotheke.at\/katalog\/produkt\/sedax-creme-30-ml\/","title":{"rendered":"Sedax Creme 30 ml"},"content":{"rendered":"<p>Sedax Creme beruhigt gereizte Haut, lindert rasch Juckreiz aufgrund von Insektenstichen oder trockener Haut und unterst\u00fctzt das Abheilen oberfl\u00e4chlicher Kratzwunden. Aufgrund seiner hervorragenden Vertr\u00e4glichkeit hat Sedax sich besonders bei anlagebedingt empfindlicher Haut, bei Kleinkindern und alten Menschen sowie in der Schwangerschaft bew\u00e4hrt.<\/p>\n","protected":false},"excerpt":{"rendered":"<p>Sedax Creme beruhigt gereizte Haut, lindert rasch Juckreiz aufgrund von Insektenstichen oder trockener Haut und unterst\u00fctzt das Abheilen oberfl\u00e4chlicher Kratzwunden. Aufgrund seiner hervorragenden Vertr\u00e4glichkeit hat Sedax sich besonders bei anlagebedingt empfindlicher Haut, bei Kleinkindern und alten Menschen sowie in der Schwangerschaft bew\u00e4hrt.<\/p>\n","protected":false},"featured_media":128725,"template":"","meta":{"_acf_changed":false},"product_brand":[],"product_cat":[791],"product_tag":[],"class_list":{"0":"post-128723","1":"product","2":"type-product","3":"status-publish","4":"has-post-thumbnail","6":"product_cat-s","7":"pa_packungsgroesse-30ml","9":"first","10":"instock","11":"shipping-taxable","12":"purchasable","13":"product-type-simple"},"acf":[],"_links":{"self":[{"href":"https:\/\/www.ernstbrunn-apotheke.at\/katalog\/wp-json\/wp\/v2\/product\/128723","targetHints":{"allow":["GET"]}}],"collection":[{"href":"https:\/\/www.ernstbrunn-apotheke.at\/katalog\/wp-json\/wp\/v2\/product"}],"about":[{"href":"https:\/\/www.ernstbrunn-apotheke.at\/katalog\/wp-json\/wp\/v2\/types\/product"}],"wp:featuredmedia":[{"embeddable":true,"href":"https:\/\/www.ernstbrunn-apotheke.at\/katalog\/wp-json\/wp\/v2\/media\/128725"}],"wp:attachment":[{"href":"https:\/\/www.ernstbrunn-apotheke.at\/katalog\/wp-json\/wp\/v2\/media?parent=128723"}],"wp:term":[{"taxonomy":"product_brand","embeddable":true,"href":"https:\/\/www.ernstbrunn-apotheke.at\/katalog\/wp-json\/wp\/v2\/product_brand?post=128723"},{"taxonomy":"product_cat","embeddable":true,"href":"https:\/\/www.ernstbrunn-apotheke.at\/katalog\/wp-json\/wp\/v2\/product_cat?post=128723"},{"taxonomy":"product_tag","embeddable":true,"href":"https:\/\/www.ernstbrunn-apotheke.at\/katalog\/wp-json\/wp\/v2\/product_tag?post=128723"}],"curies":[{"name":"wp","href":"https:\/\/api.w.org\/{rel}","templated":true}]}}