{"id":128713,"date":"2025-11-13T16:53:33","date_gmt":"2025-11-13T15:53:33","guid":{"rendered":"https:\/\/www.ernstbrunn-apotheke.at\/katalog\/produkt\/sebodiane-ds-serum-lp-8-ml\/"},"modified":"2025-12-09T10:07:02","modified_gmt":"2025-12-09T09:07:02","slug":"sebodiane-ds-serum-lp-8-ml","status":"publish","type":"product","link":"https:\/\/www.ernstbrunn-apotheke.at\/katalog\/produkt\/sebodiane-ds-serum-lp-8-ml\/","title":{"rendered":"Sebodiane DS Serum LP 8 ml"},"content":{"rendered":"<p>Sebodiane DS Serum LP ist geeignet f\u00fcr rote, schuppende Hautzust\u00e4nde und hilft auch hervorragend gegen Juckreiz. Das Serum reguliert den Talgfluss und verbessert die Talgqualit\u00e4t. Au\u00dferdem wird die Entz\u00fcndungsneigung der Haut vermindert und die Beseitigung von Schuppen beg\u00fcnstigt.<\/p>\n","protected":false},"excerpt":{"rendered":"<p>Sebodiane DS Serum LP ist geeignet f\u00fcr rote, schuppende Hautzust\u00e4nde und hilft auch hervorragend gegen Juckreiz. Das Serum reguliert den Talgfluss und verbessert die Talgqualit\u00e4t. Au\u00dferdem wird die Entz\u00fcndungsneigung der Haut vermindert und die Beseitigung von Schuppen beg\u00fcnstigt.<\/p>\n","protected":false},"featured_media":128715,"template":"","meta":{"_acf_changed":false},"product_brand":[],"product_cat":[791],"product_tag":[],"class_list":{"0":"post-128713","1":"product","2":"type-product","3":"status-publish","4":"has-post-thumbnail","6":"product_cat-s","7":"pa_packungsgroesse-8ml","9":"first","10":"instock","11":"shipping-taxable","12":"purchasable","13":"product-type-simple"},"acf":[],"_links":{"self":[{"href":"https:\/\/www.ernstbrunn-apotheke.at\/katalog\/wp-json\/wp\/v2\/product\/128713","targetHints":{"allow":["GET"]}}],"collection":[{"href":"https:\/\/www.ernstbrunn-apotheke.at\/katalog\/wp-json\/wp\/v2\/product"}],"about":[{"href":"https:\/\/www.ernstbrunn-apotheke.at\/katalog\/wp-json\/wp\/v2\/types\/product"}],"wp:featuredmedia":[{"embeddable":true,"href":"https:\/\/www.ernstbrunn-apotheke.at\/katalog\/wp-json\/wp\/v2\/media\/128715"}],"wp:attachment":[{"href":"https:\/\/www.ernstbrunn-apotheke.at\/katalog\/wp-json\/wp\/v2\/media?parent=128713"}],"wp:term":[{"taxonomy":"product_brand","embeddable":true,"href":"https:\/\/www.ernstbrunn-apotheke.at\/katalog\/wp-json\/wp\/v2\/product_brand?post=128713"},{"taxonomy":"product_cat","embeddable":true,"href":"https:\/\/www.ernstbrunn-apotheke.at\/katalog\/wp-json\/wp\/v2\/product_cat?post=128713"},{"taxonomy":"product_tag","embeddable":true,"href":"https:\/\/www.ernstbrunn-apotheke.at\/katalog\/wp-json\/wp\/v2\/product_tag?post=128713"}],"curies":[{"name":"wp","href":"https:\/\/api.w.org\/{rel}","templated":true}]}}