{"id":128703,"date":"2025-11-13T16:53:05","date_gmt":"2025-11-13T15:53:05","guid":{"rendered":"https:\/\/www.ernstbrunn-apotheke.at\/katalog\/produkt\/sebodiane-ds-mikroemulsion\/"},"modified":"2025-12-09T10:07:02","modified_gmt":"2025-12-09T09:07:02","slug":"sebodiane-ds-mikroemulsion","status":"publish","type":"product","link":"https:\/\/www.ernstbrunn-apotheke.at\/katalog\/produkt\/sebodiane-ds-mikroemulsion\/","title":{"rendered":"Sebodiane DS Mikroemulsion"},"content":{"rendered":"<p>Sebodiane DS Mikroemulsion ist geeignet f\u00fcr rote, schuppende Hautzust\u00e4nde und hilft auch hervorragend gegen Juckreiz. Die Emulsion reguliert den Talgfluss und verbessert die Talgqualit\u00e4t. Au\u00dferdem wird die Entz\u00fcndungsneigung der Haut vermindert und die Beseitigung von Schuppen beg\u00fcnstigt.<\/p>\n","protected":false},"excerpt":{"rendered":"<p>Sebodiane DS Mikroemulsion ist geeignet f\u00fcr rote, schuppende Hautzust\u00e4nde und hilft auch hervorragend gegen Juckreiz. Die Emulsion reguliert den Talgfluss und verbessert die Talgqualit\u00e4t. Au\u00dferdem wird die Entz\u00fcndungsneigung der Haut vermindert und die Beseitigung von Schuppen beg\u00fcnstigt.<\/p>\n","protected":false},"featured_media":128705,"template":"","meta":{"_acf_changed":false},"product_brand":[],"product_cat":[791],"product_tag":[],"class_list":{"0":"post-128703","1":"product","2":"type-product","3":"status-publish","4":"has-post-thumbnail","6":"product_cat-s","7":"pa_packungsgroesse-30ml","9":"first","10":"instock","11":"shipping-taxable","12":"purchasable","13":"product-type-simple"},"acf":[],"_links":{"self":[{"href":"https:\/\/www.ernstbrunn-apotheke.at\/katalog\/wp-json\/wp\/v2\/product\/128703","targetHints":{"allow":["GET"]}}],"collection":[{"href":"https:\/\/www.ernstbrunn-apotheke.at\/katalog\/wp-json\/wp\/v2\/product"}],"about":[{"href":"https:\/\/www.ernstbrunn-apotheke.at\/katalog\/wp-json\/wp\/v2\/types\/product"}],"wp:featuredmedia":[{"embeddable":true,"href":"https:\/\/www.ernstbrunn-apotheke.at\/katalog\/wp-json\/wp\/v2\/media\/128705"}],"wp:attachment":[{"href":"https:\/\/www.ernstbrunn-apotheke.at\/katalog\/wp-json\/wp\/v2\/media?parent=128703"}],"wp:term":[{"taxonomy":"product_brand","embeddable":true,"href":"https:\/\/www.ernstbrunn-apotheke.at\/katalog\/wp-json\/wp\/v2\/product_brand?post=128703"},{"taxonomy":"product_cat","embeddable":true,"href":"https:\/\/www.ernstbrunn-apotheke.at\/katalog\/wp-json\/wp\/v2\/product_cat?post=128703"},{"taxonomy":"product_tag","embeddable":true,"href":"https:\/\/www.ernstbrunn-apotheke.at\/katalog\/wp-json\/wp\/v2\/product_tag?post=128703"}],"curies":[{"name":"wp","href":"https:\/\/api.w.org\/{rel}","templated":true}]}}