{"id":128700,"date":"2025-11-13T16:53:05","date_gmt":"2025-11-13T15:53:05","guid":{"rendered":"https:\/\/www.ernstbrunn-apotheke.at\/katalog\/produkt\/sebodiane-ds-schuppen-shampoo-150-ml\/"},"modified":"2025-12-09T10:07:02","modified_gmt":"2025-12-09T09:07:02","slug":"sebodiane-ds-schuppen-shampoo-150-ml","status":"publish","type":"product","link":"https:\/\/www.ernstbrunn-apotheke.at\/katalog\/produkt\/sebodiane-ds-schuppen-shampoo-150-ml\/","title":{"rendered":"Sebodiane DS Schuppen-Shampoo 150 ml"},"content":{"rendered":"<p>Sebodiane DS Schuppen-Shampoo ist ohne Duftstoffe, Parabene oder sonstige Konservierungsstoffe auch f\u00fcr Allergiker oder empfindliche Hauttypen geeignet. Das Shampoo f\u00fcr die fettreiche Kopfhaut dient zur Verminderung von Schuppen, R\u00f6tung und Juckreiz<\/p>\n","protected":false},"excerpt":{"rendered":"<p>Sebodiane DS Schuppen-Shampoo ist ohne Duftstoffe, Parabene oder sonstige Konservierungsstoffe auch f\u00fcr Allergiker oder empfindliche Hauttypen geeignet. Das Shampoo f\u00fcr die fettreiche Kopfhaut dient zur Verminderung von Schuppen, R\u00f6tung und Juckreiz<\/p>\n","protected":false},"featured_media":128702,"template":"","meta":{"_acf_changed":false},"product_brand":[],"product_cat":[791],"product_tag":[],"class_list":{"0":"post-128700","1":"product","2":"type-product","3":"status-publish","4":"has-post-thumbnail","6":"product_cat-s","7":"pa_packungsgroesse-150ml","9":"first","10":"instock","11":"shipping-taxable","12":"purchasable","13":"product-type-simple"},"acf":[],"_links":{"self":[{"href":"https:\/\/www.ernstbrunn-apotheke.at\/katalog\/wp-json\/wp\/v2\/product\/128700","targetHints":{"allow":["GET"]}}],"collection":[{"href":"https:\/\/www.ernstbrunn-apotheke.at\/katalog\/wp-json\/wp\/v2\/product"}],"about":[{"href":"https:\/\/www.ernstbrunn-apotheke.at\/katalog\/wp-json\/wp\/v2\/types\/product"}],"wp:featuredmedia":[{"embeddable":true,"href":"https:\/\/www.ernstbrunn-apotheke.at\/katalog\/wp-json\/wp\/v2\/media\/128702"}],"wp:attachment":[{"href":"https:\/\/www.ernstbrunn-apotheke.at\/katalog\/wp-json\/wp\/v2\/media?parent=128700"}],"wp:term":[{"taxonomy":"product_brand","embeddable":true,"href":"https:\/\/www.ernstbrunn-apotheke.at\/katalog\/wp-json\/wp\/v2\/product_brand?post=128700"},{"taxonomy":"product_cat","embeddable":true,"href":"https:\/\/www.ernstbrunn-apotheke.at\/katalog\/wp-json\/wp\/v2\/product_cat?post=128700"},{"taxonomy":"product_tag","embeddable":true,"href":"https:\/\/www.ernstbrunn-apotheke.at\/katalog\/wp-json\/wp\/v2\/product_tag?post=128700"}],"curies":[{"name":"wp","href":"https:\/\/api.w.org\/{rel}","templated":true}]}}