{"id":128680,"date":"2025-11-13T16:52:40","date_gmt":"2025-11-13T15:52:40","guid":{"rendered":"https:\/\/www.ernstbrunn-apotheke.at\/katalog\/produkt\/psoriane-creme-40-ml\/"},"modified":"2025-12-09T10:06:59","modified_gmt":"2025-12-09T09:06:59","slug":"psoriane-creme-40-ml","status":"publish","type":"product","link":"https:\/\/www.ernstbrunn-apotheke.at\/katalog\/produkt\/psoriane-creme-40-ml\/","title":{"rendered":"Psoriane Creme 40 ml"},"content":{"rendered":"<p>Die Dermatica Exclusiv Horst Spickermann GmbH vertreibt die Pr\u00e4parate seit 1995 in Deutschland und seit 2001 auch in \u00d6sterreich. Von den Bedrfnissen der Patienten mit dermatologischen Hautproblemen ausgehend und aktuelle Erkenntnisse in Dermatologie und dermokosmetischer Grundlagenforschung bercksichtigend, wurden von den Laboratoires noreva in den letzten Jahren weitere dermokosmetische Pr\u00e4parate entwickelt, die sich bei hoher Wirksamkeit durch gleichzeitige hervorragende Vertr\u00e4glichkeit und hohe kosmetische Qualit\u00e4t auszeichnen. Sie erg\u00e4nzen oder untersttzen die dermatologische Behandlung und helfen, den langfristigen Einsatz von Medikamenten zu reduzieren oder auch zu vermeiden. Sie lassen sich zurecht unter dem neumodischen Begriff \u2013Cosmeceuticals\u2013 fassen.<\/p>\n","protected":false},"excerpt":{"rendered":"<p>Die Dermatica Exclusiv Horst Spickermann GmbH vertreibt die Pr\u00e4parate seit 1995 in Deutschland und seit 2001 auch in \u00d6sterreich. Von den Bedrfnissen der Patienten mit dermatologischen Hautproblemen ausgehend und aktuelle Erkenntnisse in Dermatologie und dermokosmetischer Grundlagenforschung bercksichtigend, wurden von den Laboratoires noreva in den letzten Jahren weitere dermokosmetische Pr\u00e4parate entwickelt, die sich bei hoher Wirksamkeit [&hellip;]<\/p>\n","protected":false},"featured_media":128682,"template":"","meta":{"_acf_changed":false},"product_brand":[],"product_cat":[793],"product_tag":[],"class_list":{"0":"post-128680","1":"product","2":"type-product","3":"status-publish","4":"has-post-thumbnail","6":"product_cat-p","7":"pa_packungsgroesse-40ml","9":"first","10":"instock","11":"shipping-taxable","12":"purchasable","13":"product-type-simple"},"acf":[],"_links":{"self":[{"href":"https:\/\/www.ernstbrunn-apotheke.at\/katalog\/wp-json\/wp\/v2\/product\/128680","targetHints":{"allow":["GET"]}}],"collection":[{"href":"https:\/\/www.ernstbrunn-apotheke.at\/katalog\/wp-json\/wp\/v2\/product"}],"about":[{"href":"https:\/\/www.ernstbrunn-apotheke.at\/katalog\/wp-json\/wp\/v2\/types\/product"}],"wp:featuredmedia":[{"embeddable":true,"href":"https:\/\/www.ernstbrunn-apotheke.at\/katalog\/wp-json\/wp\/v2\/media\/128682"}],"wp:attachment":[{"href":"https:\/\/www.ernstbrunn-apotheke.at\/katalog\/wp-json\/wp\/v2\/media?parent=128680"}],"wp:term":[{"taxonomy":"product_brand","embeddable":true,"href":"https:\/\/www.ernstbrunn-apotheke.at\/katalog\/wp-json\/wp\/v2\/product_brand?post=128680"},{"taxonomy":"product_cat","embeddable":true,"href":"https:\/\/www.ernstbrunn-apotheke.at\/katalog\/wp-json\/wp\/v2\/product_cat?post=128680"},{"taxonomy":"product_tag","embeddable":true,"href":"https:\/\/www.ernstbrunn-apotheke.at\/katalog\/wp-json\/wp\/v2\/product_tag?post=128680"}],"curies":[{"name":"wp","href":"https:\/\/api.w.org\/{rel}","templated":true}]}}