{"id":128636,"date":"2025-11-13T16:51:13","date_gmt":"2025-11-13T15:51:13","guid":{"rendered":"https:\/\/www.ernstbrunn-apotheke.at\/katalog\/produkt\/kerapil-emulsion\/"},"modified":"2025-12-09T10:06:56","modified_gmt":"2025-12-09T09:06:56","slug":"kerapil-emulsion","status":"publish","type":"product","link":"https:\/\/www.ernstbrunn-apotheke.at\/katalog\/produkt\/kerapil-emulsion\/","title":{"rendered":"Kerapil Emulsion"},"content":{"rendered":"<p>Kerapil Emulsion gl\u00e4ttet Reibeisenhaut und macht sie geschmeidig. Ammoniumlactat hemmt die \u00fcberm\u00e4\u00dfige Haftung der Hornzellen auf der Haut und regt den Hautstoffwechsel an, wodurch bei regelm\u00e4\u00dfiger Verwendung die nat\u00fcrliche Wassserbindungsf\u00e4higkeit der Haut und damit der Wassergehalt der Haut nachhaltig steigt.<\/p>\n","protected":false},"excerpt":{"rendered":"<p>Kerapil Emulsion gl\u00e4ttet Reibeisenhaut und macht sie geschmeidig. Ammoniumlactat hemmt die \u00fcberm\u00e4\u00dfige Haftung der Hornzellen auf der Haut und regt den Hautstoffwechsel an, wodurch bei regelm\u00e4\u00dfiger Verwendung die nat\u00fcrliche Wassserbindungsf\u00e4higkeit der Haut und damit der Wassergehalt der Haut nachhaltig steigt.<\/p>\n","protected":false},"featured_media":128638,"template":"","meta":{"_acf_changed":false},"product_brand":[],"product_cat":[807],"product_tag":[],"class_list":{"0":"post-128636","1":"product","2":"type-product","3":"status-publish","4":"has-post-thumbnail","6":"product_cat-k","7":"pa_packungsgroesse-75ml","9":"first","10":"instock","11":"shipping-taxable","12":"purchasable","13":"product-type-simple"},"acf":[],"_links":{"self":[{"href":"https:\/\/www.ernstbrunn-apotheke.at\/katalog\/wp-json\/wp\/v2\/product\/128636","targetHints":{"allow":["GET"]}}],"collection":[{"href":"https:\/\/www.ernstbrunn-apotheke.at\/katalog\/wp-json\/wp\/v2\/product"}],"about":[{"href":"https:\/\/www.ernstbrunn-apotheke.at\/katalog\/wp-json\/wp\/v2\/types\/product"}],"wp:featuredmedia":[{"embeddable":true,"href":"https:\/\/www.ernstbrunn-apotheke.at\/katalog\/wp-json\/wp\/v2\/media\/128638"}],"wp:attachment":[{"href":"https:\/\/www.ernstbrunn-apotheke.at\/katalog\/wp-json\/wp\/v2\/media?parent=128636"}],"wp:term":[{"taxonomy":"product_brand","embeddable":true,"href":"https:\/\/www.ernstbrunn-apotheke.at\/katalog\/wp-json\/wp\/v2\/product_brand?post=128636"},{"taxonomy":"product_cat","embeddable":true,"href":"https:\/\/www.ernstbrunn-apotheke.at\/katalog\/wp-json\/wp\/v2\/product_cat?post=128636"},{"taxonomy":"product_tag","embeddable":true,"href":"https:\/\/www.ernstbrunn-apotheke.at\/katalog\/wp-json\/wp\/v2\/product_tag?post=128636"}],"curies":[{"name":"wp","href":"https:\/\/api.w.org\/{rel}","templated":true}]}}