{"id":128589,"date":"2025-11-13T16:49:37","date_gmt":"2025-11-13T15:49:37","guid":{"rendered":"https:\/\/www.ernstbrunn-apotheke.at\/katalog\/produkt\/exfoliac-creme-30-ml-dunkel\/"},"modified":"2025-12-09T10:06:53","modified_gmt":"2025-12-09T09:06:53","slug":"exfoliac-creme-30-ml-dunkel","status":"publish","type":"product","link":"https:\/\/www.ernstbrunn-apotheke.at\/katalog\/produkt\/exfoliac-creme-30-ml-dunkel\/","title":{"rendered":"Exfoliac Creme 30 ml Dunkel"},"content":{"rendered":"<p>Exfoliac Creme hemmt die bakterielle Vermehrung auf der Haut, verbessert die Barrierefunktion und reguliert die Talgsekretion. Au\u00dferdem vermindert diese Creme Entz\u00fcndungen und Komedonen. Die hydratisierende und reizlindernde Formulierung dieser Creme mattiert gl\u00e4nzende fettige Haut, gl\u00e4ttet die Haut und verbessert das Hautbild.<\/p>\n","protected":false},"excerpt":{"rendered":"<p>Exfoliac Creme hemmt die bakterielle Vermehrung auf der Haut, verbessert die Barrierefunktion und reguliert die Talgsekretion. Au\u00dferdem vermindert diese Creme Entz\u00fcndungen und Komedonen. Die hydratisierende und reizlindernde Formulierung dieser Creme mattiert gl\u00e4nzende fettige Haut, gl\u00e4ttet die Haut und verbessert das Hautbild.<\/p>\n","protected":false},"featured_media":128591,"template":"","meta":{"_acf_changed":false},"product_brand":[],"product_cat":[794],"product_tag":[],"class_list":{"0":"post-128589","1":"product","2":"type-product","3":"status-publish","4":"has-post-thumbnail","6":"product_cat-e","7":"pa_packungsgroesse-30ml","9":"first","10":"instock","11":"shipping-taxable","12":"purchasable","13":"product-type-simple"},"acf":[],"_links":{"self":[{"href":"https:\/\/www.ernstbrunn-apotheke.at\/katalog\/wp-json\/wp\/v2\/product\/128589","targetHints":{"allow":["GET"]}}],"collection":[{"href":"https:\/\/www.ernstbrunn-apotheke.at\/katalog\/wp-json\/wp\/v2\/product"}],"about":[{"href":"https:\/\/www.ernstbrunn-apotheke.at\/katalog\/wp-json\/wp\/v2\/types\/product"}],"wp:featuredmedia":[{"embeddable":true,"href":"https:\/\/www.ernstbrunn-apotheke.at\/katalog\/wp-json\/wp\/v2\/media\/128591"}],"wp:attachment":[{"href":"https:\/\/www.ernstbrunn-apotheke.at\/katalog\/wp-json\/wp\/v2\/media?parent=128589"}],"wp:term":[{"taxonomy":"product_brand","embeddable":true,"href":"https:\/\/www.ernstbrunn-apotheke.at\/katalog\/wp-json\/wp\/v2\/product_brand?post=128589"},{"taxonomy":"product_cat","embeddable":true,"href":"https:\/\/www.ernstbrunn-apotheke.at\/katalog\/wp-json\/wp\/v2\/product_cat?post=128589"},{"taxonomy":"product_tag","embeddable":true,"href":"https:\/\/www.ernstbrunn-apotheke.at\/katalog\/wp-json\/wp\/v2\/product_tag?post=128589"}],"curies":[{"name":"wp","href":"https:\/\/api.w.org\/{rel}","templated":true}]}}