{"id":128556,"date":"2025-11-13T16:48:57","date_gmt":"2025-11-13T15:48:57","guid":{"rendered":"https:\/\/www.ernstbrunn-apotheke.at\/katalog\/produkt\/aquareva-koerpermilch-400-ml\/"},"modified":"2025-12-09T10:06:50","modified_gmt":"2025-12-09T09:06:50","slug":"aquareva-koerpermilch-400-ml","status":"publish","type":"product","link":"https:\/\/www.ernstbrunn-apotheke.at\/katalog\/produkt\/aquareva-koerpermilch-400-ml\/","title":{"rendered":"Aquareva K\u00f6rpermilch 400 ml"},"content":{"rendered":"<p>Aquareva K\u00f6rpermilch wurde speziell f\u00fcr die trockene Haut entwickelt. Sie versorgt die Haut intensiv und langanhaltend mit Feuchtigkeit und stellt ihre Barrierefunktion wieder her. Dieses Produkt erhalten Sie in den Packungsgr\u00f6\u00dfen 200 ml und 400 ml.<\/p>\n","protected":false},"excerpt":{"rendered":"<p>Aquareva K\u00f6rpermilch wurde speziell f\u00fcr die trockene Haut entwickelt. Sie versorgt die Haut intensiv und langanhaltend mit Feuchtigkeit und stellt ihre Barrierefunktion wieder her. Dieses Produkt erhalten Sie in den Packungsgr\u00f6\u00dfen 200 ml und 400 ml.<\/p>\n","protected":false},"featured_media":128558,"template":"","meta":{"_acf_changed":false},"product_brand":[],"product_cat":[801],"product_tag":[],"class_list":{"0":"post-128556","1":"product","2":"type-product","3":"status-publish","4":"has-post-thumbnail","6":"product_cat-a","7":"pa_packungsgroesse-400ml","9":"first","10":"instock","11":"shipping-taxable","12":"purchasable","13":"product-type-simple"},"acf":[],"_links":{"self":[{"href":"https:\/\/www.ernstbrunn-apotheke.at\/katalog\/wp-json\/wp\/v2\/product\/128556","targetHints":{"allow":["GET"]}}],"collection":[{"href":"https:\/\/www.ernstbrunn-apotheke.at\/katalog\/wp-json\/wp\/v2\/product"}],"about":[{"href":"https:\/\/www.ernstbrunn-apotheke.at\/katalog\/wp-json\/wp\/v2\/types\/product"}],"wp:featuredmedia":[{"embeddable":true,"href":"https:\/\/www.ernstbrunn-apotheke.at\/katalog\/wp-json\/wp\/v2\/media\/128558"}],"wp:attachment":[{"href":"https:\/\/www.ernstbrunn-apotheke.at\/katalog\/wp-json\/wp\/v2\/media?parent=128556"}],"wp:term":[{"taxonomy":"product_brand","embeddable":true,"href":"https:\/\/www.ernstbrunn-apotheke.at\/katalog\/wp-json\/wp\/v2\/product_brand?post=128556"},{"taxonomy":"product_cat","embeddable":true,"href":"https:\/\/www.ernstbrunn-apotheke.at\/katalog\/wp-json\/wp\/v2\/product_cat?post=128556"},{"taxonomy":"product_tag","embeddable":true,"href":"https:\/\/www.ernstbrunn-apotheke.at\/katalog\/wp-json\/wp\/v2\/product_tag?post=128556"}],"curies":[{"name":"wp","href":"https:\/\/api.w.org\/{rel}","templated":true}]}}