{"id":12854,"date":"2025-11-07T14:57:04","date_gmt":"2025-11-07T13:57:04","guid":{"rendered":"https:\/\/www.ernstbrunn-apotheke.at\/katalog\/produkt\/sanvita-atrosan-kapseln-160-stk\/"},"modified":"2025-12-08T13:34:18","modified_gmt":"2025-12-08T12:34:18","slug":"sanvita-atrosan-kapseln-160-stk","status":"publish","type":"product","link":"https:\/\/www.ernstbrunn-apotheke.at\/katalog\/produkt\/sanvita-atrosan-kapseln-160-stk\/","title":{"rendered":"Sanvita Atrosan Kapseln 160 Stk."},"content":{"rendered":"<p>Hydrolisierte Gelatine und L-Cystin bilden das Aminos\u00e4urenspektrum von Atrosan, w\u00e4hrend Calcium, Vitamin E und Vitamin D die Knochen st\u00e4rken. Wirkt nicht nur Abnutzungserscheinungen entgegen sondern erzeugt auch einen sp\u00fcrbaren Anti-Aging-Effekt.<\/p>\n","protected":false},"excerpt":{"rendered":"<p>Hydrolisierte Gelatine und L-Cystin bilden das Aminos\u00e4urenspektrum von Atrosan, w\u00e4hrend Calcium, Vitamin E und Vitamin D die Knochen st\u00e4rken. Wirkt nicht nur Abnutzungserscheinungen entgegen sondern erzeugt auch einen sp\u00fcrbaren Anti-Aging-Effekt.<\/p>\n","protected":false},"featured_media":12856,"template":"","meta":{"_acf_changed":false},"product_brand":[462],"product_cat":[791],"product_tag":[],"class_list":{"0":"post-12854","1":"product","2":"type-product","3":"status-publish","4":"has-post-thumbnail","6":"product_brand-sanvita","7":"product_cat-s","8":"pa_packungsgroesse-160-stueck","10":"first","11":"instock","12":"shipping-taxable","13":"purchasable","14":"product-type-simple"},"acf":[],"_links":{"self":[{"href":"https:\/\/www.ernstbrunn-apotheke.at\/katalog\/wp-json\/wp\/v2\/product\/12854","targetHints":{"allow":["GET"]}}],"collection":[{"href":"https:\/\/www.ernstbrunn-apotheke.at\/katalog\/wp-json\/wp\/v2\/product"}],"about":[{"href":"https:\/\/www.ernstbrunn-apotheke.at\/katalog\/wp-json\/wp\/v2\/types\/product"}],"wp:featuredmedia":[{"embeddable":true,"href":"https:\/\/www.ernstbrunn-apotheke.at\/katalog\/wp-json\/wp\/v2\/media\/12856"}],"wp:attachment":[{"href":"https:\/\/www.ernstbrunn-apotheke.at\/katalog\/wp-json\/wp\/v2\/media?parent=12854"}],"wp:term":[{"taxonomy":"product_brand","embeddable":true,"href":"https:\/\/www.ernstbrunn-apotheke.at\/katalog\/wp-json\/wp\/v2\/product_brand?post=12854"},{"taxonomy":"product_cat","embeddable":true,"href":"https:\/\/www.ernstbrunn-apotheke.at\/katalog\/wp-json\/wp\/v2\/product_cat?post=12854"},{"taxonomy":"product_tag","embeddable":true,"href":"https:\/\/www.ernstbrunn-apotheke.at\/katalog\/wp-json\/wp\/v2\/product_tag?post=12854"}],"curies":[{"name":"wp","href":"https:\/\/api.w.org\/{rel}","templated":true}]}}