{"id":128536,"date":"2025-11-13T15:59:41","date_gmt":"2025-11-13T14:59:41","guid":{"rendered":"https:\/\/www.ernstbrunn-apotheke.at\/katalog\/produkt\/aquareva-feuchtigkeit-maske\/"},"modified":"2025-12-09T10:06:49","modified_gmt":"2025-12-09T09:06:49","slug":"aquareva-feuchtigkeit-maske","status":"publish","type":"product","link":"https:\/\/www.ernstbrunn-apotheke.at\/katalog\/produkt\/aquareva-feuchtigkeit-maske\/","title":{"rendered":"Aquareva Feuchtigkeit Maske"},"content":{"rendered":"<p>Aquareva Feuchtigkeit Maske erh\u00f6ht langanhaltend den Feuchtigkeitsgehalt der Haut. Die Maske sch\u00fctzt au\u00dferdem die Haut vor \u00e4u\u00dferen Umweltfaktoren und begrenzt den nat\u00fcrlichen Wasserverlust der Haut. Aquareva schenkt der Haut  intensive Feuchtigkeit. Die Selbstregulierung der Haut wird angeregt.<\/p>\n","protected":false},"excerpt":{"rendered":"<p>Aquareva Feuchtigkeit Maske erh\u00f6ht langanhaltend den Feuchtigkeitsgehalt der Haut. Die Maske sch\u00fctzt au\u00dferdem die Haut vor \u00e4u\u00dferen Umweltfaktoren und begrenzt den nat\u00fcrlichen Wasserverlust der Haut. Aquareva schenkt der Haut intensive Feuchtigkeit. Die Selbstregulierung der Haut wird angeregt.<\/p>\n","protected":false},"featured_media":128538,"template":"","meta":{"_acf_changed":false},"product_brand":[],"product_cat":[801],"product_tag":[],"class_list":{"0":"post-128536","1":"product","2":"type-product","3":"status-publish","4":"has-post-thumbnail","6":"product_cat-a","7":"pa_packungsgroesse-50ml","9":"first","10":"instock","11":"shipping-taxable","12":"purchasable","13":"product-type-simple"},"acf":[],"_links":{"self":[{"href":"https:\/\/www.ernstbrunn-apotheke.at\/katalog\/wp-json\/wp\/v2\/product\/128536","targetHints":{"allow":["GET"]}}],"collection":[{"href":"https:\/\/www.ernstbrunn-apotheke.at\/katalog\/wp-json\/wp\/v2\/product"}],"about":[{"href":"https:\/\/www.ernstbrunn-apotheke.at\/katalog\/wp-json\/wp\/v2\/types\/product"}],"wp:featuredmedia":[{"embeddable":true,"href":"https:\/\/www.ernstbrunn-apotheke.at\/katalog\/wp-json\/wp\/v2\/media\/128538"}],"wp:attachment":[{"href":"https:\/\/www.ernstbrunn-apotheke.at\/katalog\/wp-json\/wp\/v2\/media?parent=128536"}],"wp:term":[{"taxonomy":"product_brand","embeddable":true,"href":"https:\/\/www.ernstbrunn-apotheke.at\/katalog\/wp-json\/wp\/v2\/product_brand?post=128536"},{"taxonomy":"product_cat","embeddable":true,"href":"https:\/\/www.ernstbrunn-apotheke.at\/katalog\/wp-json\/wp\/v2\/product_cat?post=128536"},{"taxonomy":"product_tag","embeddable":true,"href":"https:\/\/www.ernstbrunn-apotheke.at\/katalog\/wp-json\/wp\/v2\/product_tag?post=128536"}],"curies":[{"name":"wp","href":"https:\/\/api.w.org\/{rel}","templated":true}]}}