{"id":12851,"date":"2025-11-07T14:56:13","date_gmt":"2025-11-07T13:56:13","guid":{"rendered":"https:\/\/www.ernstbrunn-apotheke.at\/katalog\/produkt\/rosaxan-plus-vitamin-d-750-ml\/"},"modified":"2025-12-08T13:34:18","modified_gmt":"2025-12-08T12:34:18","slug":"rosaxan-plus-vitamin-d-750-ml","status":"publish","type":"product","link":"https:\/\/www.ernstbrunn-apotheke.at\/katalog\/produkt\/rosaxan-plus-vitamin-d-750-ml\/","title":{"rendered":"Rosaxan Plus Vitamin D 750 ml"},"content":{"rendered":"<p>Rosaxan Plus Vitamin D &#8211; st\u00e4rkt Knochen und Bindegewebe mit der Kraft der Natur! Rosaxan Plus Vitamin D ist ein Nahrungserg\u00e4nzungmittel zur St\u00e4rkung der Knochenstabilit\u00e4t und Unterst\u00fctzung der Knochensynthese. Es enth\u00e4lt s\u00e4mtliche Stoffe, die einem Verlust der Knochendichte entgegenwirken, entz\u00fcndungshemmend wirken und den Wiederaufbau der Knochen f\u00f6rdern.<\/p>\n","protected":false},"excerpt":{"rendered":"<p>Rosaxan Plus Vitamin D &#8211; st\u00e4rkt Knochen und Bindegewebe mit der Kraft der Natur! Rosaxan Plus Vitamin D ist ein Nahrungserg\u00e4nzungmittel zur St\u00e4rkung der Knochenstabilit\u00e4t und Unterst\u00fctzung der Knochensynthese. Es enth\u00e4lt s\u00e4mtliche Stoffe, die einem Verlust der Knochendichte entgegenwirken, entz\u00fcndungshemmend wirken und den Wiederaufbau der Knochen f\u00f6rdern.<\/p>\n","protected":false},"featured_media":12853,"template":"","meta":{"_acf_changed":false},"product_brand":[],"product_cat":[808],"product_tag":[],"class_list":{"0":"post-12851","1":"product","2":"type-product","3":"status-publish","4":"has-post-thumbnail","6":"product_cat-r","7":"pa_packungsgroesse-750ml","9":"first","10":"instock","11":"shipping-taxable","12":"purchasable","13":"product-type-simple"},"acf":[],"_links":{"self":[{"href":"https:\/\/www.ernstbrunn-apotheke.at\/katalog\/wp-json\/wp\/v2\/product\/12851","targetHints":{"allow":["GET"]}}],"collection":[{"href":"https:\/\/www.ernstbrunn-apotheke.at\/katalog\/wp-json\/wp\/v2\/product"}],"about":[{"href":"https:\/\/www.ernstbrunn-apotheke.at\/katalog\/wp-json\/wp\/v2\/types\/product"}],"wp:featuredmedia":[{"embeddable":true,"href":"https:\/\/www.ernstbrunn-apotheke.at\/katalog\/wp-json\/wp\/v2\/media\/12853"}],"wp:attachment":[{"href":"https:\/\/www.ernstbrunn-apotheke.at\/katalog\/wp-json\/wp\/v2\/media?parent=12851"}],"wp:term":[{"taxonomy":"product_brand","embeddable":true,"href":"https:\/\/www.ernstbrunn-apotheke.at\/katalog\/wp-json\/wp\/v2\/product_brand?post=12851"},{"taxonomy":"product_cat","embeddable":true,"href":"https:\/\/www.ernstbrunn-apotheke.at\/katalog\/wp-json\/wp\/v2\/product_cat?post=12851"},{"taxonomy":"product_tag","embeddable":true,"href":"https:\/\/www.ernstbrunn-apotheke.at\/katalog\/wp-json\/wp\/v2\/product_tag?post=12851"}],"curies":[{"name":"wp","href":"https:\/\/api.w.org\/{rel}","templated":true}]}}