{"id":128483,"date":"2025-11-13T15:58:51","date_gmt":"2025-11-13T14:58:51","guid":{"rendered":"https:\/\/www.ernstbrunn-apotheke.at\/katalog\/produkt\/alpha-km-augenkonturen-gelcreme-15-ml\/"},"modified":"2025-12-09T10:06:45","modified_gmt":"2025-12-09T09:06:45","slug":"alpha-km-augenkonturen-gelcreme-15-ml","status":"publish","type":"product","link":"https:\/\/www.ernstbrunn-apotheke.at\/katalog\/produkt\/alpha-km-augenkonturen-gelcreme-15-ml\/","title":{"rendered":"Alpha KM Augenkonturen Gelcreme 15 ml"},"content":{"rendered":"<p>Alpha KM Augenkonturen Gelcreme eignet sich f\u00fcr die empfindliche Haut im Lidbereich. Au\u00dferdem ist diese Creme das Produkt erster Wahl f\u00fcr trockene, sensible Haut, die durch die Verwendung reizender Anti-Aging-Konzepte zu R\u00f6tung, Brennen, Spannungsgef\u00fchl oder Schuppung neigt.<\/p>\n","protected":false},"excerpt":{"rendered":"<p>Alpha KM Augenkonturen Gelcreme eignet sich f\u00fcr die empfindliche Haut im Lidbereich. Au\u00dferdem ist diese Creme das Produkt erster Wahl f\u00fcr trockene, sensible Haut, die durch die Verwendung reizender Anti-Aging-Konzepte zu R\u00f6tung, Brennen, Spannungsgef\u00fchl oder Schuppung neigt.<\/p>\n","protected":false},"featured_media":128485,"template":"","meta":{"_acf_changed":false},"product_brand":[],"product_cat":[801],"product_tag":[],"class_list":{"0":"post-128483","1":"product","2":"type-product","3":"status-publish","4":"has-post-thumbnail","6":"product_cat-a","7":"pa_packungsgroesse-10ml","9":"first","10":"instock","11":"shipping-taxable","12":"purchasable","13":"product-type-simple"},"acf":[],"_links":{"self":[{"href":"https:\/\/www.ernstbrunn-apotheke.at\/katalog\/wp-json\/wp\/v2\/product\/128483","targetHints":{"allow":["GET"]}}],"collection":[{"href":"https:\/\/www.ernstbrunn-apotheke.at\/katalog\/wp-json\/wp\/v2\/product"}],"about":[{"href":"https:\/\/www.ernstbrunn-apotheke.at\/katalog\/wp-json\/wp\/v2\/types\/product"}],"wp:featuredmedia":[{"embeddable":true,"href":"https:\/\/www.ernstbrunn-apotheke.at\/katalog\/wp-json\/wp\/v2\/media\/128485"}],"wp:attachment":[{"href":"https:\/\/www.ernstbrunn-apotheke.at\/katalog\/wp-json\/wp\/v2\/media?parent=128483"}],"wp:term":[{"taxonomy":"product_brand","embeddable":true,"href":"https:\/\/www.ernstbrunn-apotheke.at\/katalog\/wp-json\/wp\/v2\/product_brand?post=128483"},{"taxonomy":"product_cat","embeddable":true,"href":"https:\/\/www.ernstbrunn-apotheke.at\/katalog\/wp-json\/wp\/v2\/product_cat?post=128483"},{"taxonomy":"product_tag","embeddable":true,"href":"https:\/\/www.ernstbrunn-apotheke.at\/katalog\/wp-json\/wp\/v2\/product_tag?post=128483"}],"curies":[{"name":"wp","href":"https:\/\/api.w.org\/{rel}","templated":true}]}}