{"id":128419,"date":"2025-11-13T15:53:47","date_gmt":"2025-11-13T14:53:47","guid":{"rendered":"https:\/\/www.ernstbrunn-apotheke.at\/katalog\/produkt\/nicapur-vitamin-d3-2000-kapseln-60-stk\/"},"modified":"2025-12-09T10:06:39","modified_gmt":"2025-12-09T09:06:39","slug":"nicapur-vitamin-d3-2000-kapseln-60-stk","status":"publish","type":"product","link":"https:\/\/www.ernstbrunn-apotheke.at\/katalog\/produkt\/nicapur-vitamin-d3-2000-kapseln-60-stk\/","title":{"rendered":"Nicapur Vitamin D3 2000 Kapseln 60 Stk."},"content":{"rendered":"<p>Vitamin D3 2000 vegan ist ein Nahrungserg\u00e4nzungsmittel mit einem hohem Gehalt an Vitamin D3 (2000 I.E.) aus rein pflanzlichem Ursprung (Flechten). Vitamin D galt lange Zeit als reines Knochenvitamin. In den letzten Jahren hat sich aber herausgestellt, dass Vitamin D viele weitere Funktionen in unserem K\u00f6rper mitbeeinflusst und reguliert. Vitamin D unterst\u00fctzt unsere Abwehrkr\u00e4fte, ist wichtig f\u00fcr die Muskelfunktionen, f\u00fcr die Knochen und die Aufrechterhaltung normaler Calcium-Spiegel im Blut. Vitamin D ist ein besonderes Vitamin, da es in der Haut durch direkte Sonneneinstrahlung gebildet wird. In unseren Breiten l\u00e4sst sich h\u00e4ufig eine Unterversorgung beobachten. Der Aufenthalt in geschlossenen R\u00e4umen und die Verwendung von Sonnenschutzmitteln beeintr\u00e4chtigen die k\u00f6rpereigene Produktion zus\u00e4tzlich.Gerade im Winter kann unsere k\u00f6rpereigene Vitamin-D-Bildung durch die verminderte Sonneneinstrahlung jedoch reduziert sein.<\/p>\n","protected":false},"excerpt":{"rendered":"<p>Vitamin D3 2000 vegan ist ein Nahrungserg\u00e4nzungsmittel mit einem hohem Gehalt an Vitamin D3 (2000 I.E.) aus rein pflanzlichem Ursprung (Flechten). Vitamin D galt lange Zeit als reines Knochenvitamin. In den letzten Jahren hat sich aber herausgestellt, dass Vitamin D viele weitere Funktionen in unserem K\u00f6rper mitbeeinflusst und reguliert. Vitamin D unterst\u00fctzt unsere Abwehrkr\u00e4fte, ist [&hellip;]<\/p>\n","protected":false},"featured_media":128421,"template":"","meta":{"_acf_changed":false},"product_brand":[352],"product_cat":[797],"product_tag":[],"class_list":{"0":"post-128419","1":"product","2":"type-product","3":"status-publish","4":"has-post-thumbnail","6":"product_brand-nicapur","7":"product_cat-n","8":"pa_packungsgroesse-60-stueck","10":"first","11":"instock","12":"shipping-taxable","13":"purchasable","14":"product-type-simple"},"acf":[],"_links":{"self":[{"href":"https:\/\/www.ernstbrunn-apotheke.at\/katalog\/wp-json\/wp\/v2\/product\/128419","targetHints":{"allow":["GET"]}}],"collection":[{"href":"https:\/\/www.ernstbrunn-apotheke.at\/katalog\/wp-json\/wp\/v2\/product"}],"about":[{"href":"https:\/\/www.ernstbrunn-apotheke.at\/katalog\/wp-json\/wp\/v2\/types\/product"}],"wp:featuredmedia":[{"embeddable":true,"href":"https:\/\/www.ernstbrunn-apotheke.at\/katalog\/wp-json\/wp\/v2\/media\/128421"}],"wp:attachment":[{"href":"https:\/\/www.ernstbrunn-apotheke.at\/katalog\/wp-json\/wp\/v2\/media?parent=128419"}],"wp:term":[{"taxonomy":"product_brand","embeddable":true,"href":"https:\/\/www.ernstbrunn-apotheke.at\/katalog\/wp-json\/wp\/v2\/product_brand?post=128419"},{"taxonomy":"product_cat","embeddable":true,"href":"https:\/\/www.ernstbrunn-apotheke.at\/katalog\/wp-json\/wp\/v2\/product_cat?post=128419"},{"taxonomy":"product_tag","embeddable":true,"href":"https:\/\/www.ernstbrunn-apotheke.at\/katalog\/wp-json\/wp\/v2\/product_tag?post=128419"}],"curies":[{"name":"wp","href":"https:\/\/api.w.org\/{rel}","templated":true}]}}