{"id":128399,"date":"2025-11-13T15:53:47","date_gmt":"2025-11-13T14:53:47","guid":{"rendered":"https:\/\/www.ernstbrunn-apotheke.at\/katalog\/produkt\/nicapur-5-htp-50-serobalance-kapseln-30-stk\/"},"modified":"2025-12-09T10:06:38","modified_gmt":"2025-12-09T09:06:38","slug":"nicapur-5-htp-50-serobalance-kapseln-30-stk","status":"publish","type":"product","link":"https:\/\/www.ernstbrunn-apotheke.at\/katalog\/produkt\/nicapur-5-htp-50-serobalance-kapseln-30-stk\/","title":{"rendered":"Nicapur 5-HTP 50 SeroBalance Kapseln 30 Stk."},"content":{"rendered":"<p>Nicapur 5-HTP 50 SeroBalance Kapseln sind ein di\u00e4tetisches Lebensmittel f\u00fcr besondere medizinische Zwecke (bilanzierte Di\u00e4t) mit hohem Gehalt an der Aminos\u00e4ure 5-Hydroxytryptophan (5-HTP) zur di\u00e4tetischen Behandlung von Serotoninmangel-Erkrankungen wie Schlafst\u00f6rungen und depressiven Verstimmungen.<\/p>\n","protected":false},"excerpt":{"rendered":"<p>Nicapur 5-HTP 50 SeroBalance Kapseln sind ein di\u00e4tetisches Lebensmittel f\u00fcr besondere medizinische Zwecke (bilanzierte Di\u00e4t) mit hohem Gehalt an der Aminos\u00e4ure 5-Hydroxytryptophan (5-HTP) zur di\u00e4tetischen Behandlung von Serotoninmangel-Erkrankungen wie Schlafst\u00f6rungen und depressiven Verstimmungen.<\/p>\n","protected":false},"featured_media":128401,"template":"","meta":{"_acf_changed":false},"product_brand":[352],"product_cat":[797],"product_tag":[],"class_list":{"0":"post-128399","1":"product","2":"type-product","3":"status-publish","4":"has-post-thumbnail","6":"product_brand-nicapur","7":"product_cat-n","8":"pa_packungsgroesse-30-stueck","10":"first","11":"instock","12":"shipping-taxable","13":"purchasable","14":"product-type-simple"},"acf":[],"_links":{"self":[{"href":"https:\/\/www.ernstbrunn-apotheke.at\/katalog\/wp-json\/wp\/v2\/product\/128399","targetHints":{"allow":["GET"]}}],"collection":[{"href":"https:\/\/www.ernstbrunn-apotheke.at\/katalog\/wp-json\/wp\/v2\/product"}],"about":[{"href":"https:\/\/www.ernstbrunn-apotheke.at\/katalog\/wp-json\/wp\/v2\/types\/product"}],"wp:featuredmedia":[{"embeddable":true,"href":"https:\/\/www.ernstbrunn-apotheke.at\/katalog\/wp-json\/wp\/v2\/media\/128401"}],"wp:attachment":[{"href":"https:\/\/www.ernstbrunn-apotheke.at\/katalog\/wp-json\/wp\/v2\/media?parent=128399"}],"wp:term":[{"taxonomy":"product_brand","embeddable":true,"href":"https:\/\/www.ernstbrunn-apotheke.at\/katalog\/wp-json\/wp\/v2\/product_brand?post=128399"},{"taxonomy":"product_cat","embeddable":true,"href":"https:\/\/www.ernstbrunn-apotheke.at\/katalog\/wp-json\/wp\/v2\/product_cat?post=128399"},{"taxonomy":"product_tag","embeddable":true,"href":"https:\/\/www.ernstbrunn-apotheke.at\/katalog\/wp-json\/wp\/v2\/product_tag?post=128399"}],"curies":[{"name":"wp","href":"https:\/\/api.w.org\/{rel}","templated":true}]}}