{"id":128379,"date":"2025-11-13T15:52:28","date_gmt":"2025-11-13T14:52:28","guid":{"rendered":"https:\/\/www.ernstbrunn-apotheke.at\/katalog\/produkt\/nexa-lotte-mottenschutz-2-stk\/"},"modified":"2025-12-09T10:06:35","modified_gmt":"2025-12-09T09:06:35","slug":"nexa-lotte-mottenschutz-2-stk","status":"publish","type":"product","link":"https:\/\/www.ernstbrunn-apotheke.at\/katalog\/produkt\/nexa-lotte-mottenschutz-2-stk\/","title":{"rendered":"Nexa Lotte Mottenschutz 2 Stk."},"content":{"rendered":"<p>Nexa Lotte Mottenschutz sind Papierstreifen f\u00fcr Schr\u00e4nke und Beh\u00e4lter. Der Mottenschutz wirkt vorbeugend gegen Mottenlarven und Pelzk\u00e4ferlarven. Au\u00dferdem sch\u00fctzt der geruchlose Schutz 6 Monate gegen diese L\u00e4stlinge..<\/p>\n","protected":false},"excerpt":{"rendered":"<p>Nexa Lotte Mottenschutz sind Papierstreifen f\u00fcr Schr\u00e4nke und Beh\u00e4lter. Der Mottenschutz wirkt vorbeugend gegen Mottenlarven und Pelzk\u00e4ferlarven. Au\u00dferdem sch\u00fctzt der geruchlose Schutz 6 Monate gegen diese L\u00e4stlinge..<\/p>\n","protected":false},"featured_media":128381,"template":"","meta":{"_acf_changed":false},"product_brand":[],"product_cat":[797],"product_tag":[],"class_list":{"0":"post-128379","1":"product","2":"type-product","3":"status-publish","4":"has-post-thumbnail","6":"product_cat-n","7":"pa_packungsgroesse-2-stueck","9":"first","10":"instock","11":"shipping-taxable","12":"purchasable","13":"product-type-simple"},"acf":[],"_links":{"self":[{"href":"https:\/\/www.ernstbrunn-apotheke.at\/katalog\/wp-json\/wp\/v2\/product\/128379","targetHints":{"allow":["GET"]}}],"collection":[{"href":"https:\/\/www.ernstbrunn-apotheke.at\/katalog\/wp-json\/wp\/v2\/product"}],"about":[{"href":"https:\/\/www.ernstbrunn-apotheke.at\/katalog\/wp-json\/wp\/v2\/types\/product"}],"wp:featuredmedia":[{"embeddable":true,"href":"https:\/\/www.ernstbrunn-apotheke.at\/katalog\/wp-json\/wp\/v2\/media\/128381"}],"wp:attachment":[{"href":"https:\/\/www.ernstbrunn-apotheke.at\/katalog\/wp-json\/wp\/v2\/media?parent=128379"}],"wp:term":[{"taxonomy":"product_brand","embeddable":true,"href":"https:\/\/www.ernstbrunn-apotheke.at\/katalog\/wp-json\/wp\/v2\/product_brand?post=128379"},{"taxonomy":"product_cat","embeddable":true,"href":"https:\/\/www.ernstbrunn-apotheke.at\/katalog\/wp-json\/wp\/v2\/product_cat?post=128379"},{"taxonomy":"product_tag","embeddable":true,"href":"https:\/\/www.ernstbrunn-apotheke.at\/katalog\/wp-json\/wp\/v2\/product_tag?post=128379"}],"curies":[{"name":"wp","href":"https:\/\/api.w.org\/{rel}","templated":true}]}}