{"id":128288,"date":"2025-11-13T15:50:24","date_gmt":"2025-11-13T14:50:24","guid":{"rendered":"https:\/\/www.ernstbrunn-apotheke.at\/katalog\/produkt\/beba-sinlac-glutenfreier-reisbrei-250-g\/"},"modified":"2025-12-09T10:06:24","modified_gmt":"2025-12-09T09:06:24","slug":"beba-sinlac-glutenfreier-reisbrei-250-g","status":"publish","type":"product","link":"https:\/\/www.ernstbrunn-apotheke.at\/katalog\/produkt\/beba-sinlac-glutenfreier-reisbrei-250-g\/","title":{"rendered":"BEBA Sinlac glutenfreier Reisbrei 250 g"},"content":{"rendered":"<p>BEBA Sinlac ist ein Reisbrei mit Johannisbrotkeimmehl f\u00fcr S\u00e4uglinge (F\u00fctterungsbeginn nach dem 4. Monat), Kinder, Jugendliche und Erwachsene- geeignet f\u00fcr Menschen mit Glutenunvertr\u00e4glichkeit. Nestl\u00e9 BEBA Sinlac kann als Beikost bei S\u00e4uglingen oder als eigenst\u00e4ndige Mahlzeit bei Kindern und Erwachsenen gegeben werden.Besonders empfehlenswert ist Nestl\u00e9 BEBA Sinlac Spezialbrei als erste Beikostmahlzeit, z.B. als milchfreie Alternative zum sonst \u00fcblichen Abendbrei oder mit Obstzusatz als Obst-\/ Getreidebrei am Nachmittag. Dar\u00fcber hinaus bietet sich Nestl\u00e9 BEBA Sinlac an, wenn eine allergenarme Beikost gew\u00fcnscht wird. Der ausgewogen zusammengesetzte Spezialbrei erm\u00f6glicht dem Baby eine Gew\u00f6hnung an feste Nahrungsformen ohne Zufuhr von Milch, Soja und Gluten. Aufgrund der von Natur aus allergenarmen Bestandteile ist Nestl\u00e9 BEBA Sinlac auch als Nahrung im Rahmen einer Suchdi\u00e4t zur Diagnose von Nahrungsmittelallergien geeignet. Nestl\u00e9 BEBA Sinlac Spezialbrei als Bestandteil einer abwechslungsreichen und ausgewogenen Ern\u00e4hrung sowie im Rahmen einer gesunden Lebensweise.<\/p>\n","protected":false},"excerpt":{"rendered":"<p>BEBA Sinlac ist ein Reisbrei mit Johannisbrotkeimmehl f\u00fcr S\u00e4uglinge (F\u00fctterungsbeginn nach dem 4. Monat), Kinder, Jugendliche und Erwachsene- geeignet f\u00fcr Menschen mit Glutenunvertr\u00e4glichkeit. Nestl\u00e9 BEBA Sinlac kann als Beikost bei S\u00e4uglingen oder als eigenst\u00e4ndige Mahlzeit bei Kindern und Erwachsenen gegeben werden.Besonders empfehlenswert ist Nestl\u00e9 BEBA Sinlac Spezialbrei als erste Beikostmahlzeit, z.B. als milchfreie Alternative zum [&hellip;]<\/p>\n","protected":false},"featured_media":128290,"template":"","meta":{"_acf_changed":false},"product_brand":[],"product_cat":[802],"product_tag":[],"class_list":{"0":"post-128288","1":"product","2":"type-product","3":"status-publish","4":"has-post-thumbnail","6":"product_cat-b","7":"pa_packungsgroesse-250g","9":"first","10":"instock","11":"shipping-taxable","12":"purchasable","13":"product-type-simple"},"acf":[],"_links":{"self":[{"href":"https:\/\/www.ernstbrunn-apotheke.at\/katalog\/wp-json\/wp\/v2\/product\/128288","targetHints":{"allow":["GET"]}}],"collection":[{"href":"https:\/\/www.ernstbrunn-apotheke.at\/katalog\/wp-json\/wp\/v2\/product"}],"about":[{"href":"https:\/\/www.ernstbrunn-apotheke.at\/katalog\/wp-json\/wp\/v2\/types\/product"}],"wp:featuredmedia":[{"embeddable":true,"href":"https:\/\/www.ernstbrunn-apotheke.at\/katalog\/wp-json\/wp\/v2\/media\/128290"}],"wp:attachment":[{"href":"https:\/\/www.ernstbrunn-apotheke.at\/katalog\/wp-json\/wp\/v2\/media?parent=128288"}],"wp:term":[{"taxonomy":"product_brand","embeddable":true,"href":"https:\/\/www.ernstbrunn-apotheke.at\/katalog\/wp-json\/wp\/v2\/product_brand?post=128288"},{"taxonomy":"product_cat","embeddable":true,"href":"https:\/\/www.ernstbrunn-apotheke.at\/katalog\/wp-json\/wp\/v2\/product_cat?post=128288"},{"taxonomy":"product_tag","embeddable":true,"href":"https:\/\/www.ernstbrunn-apotheke.at\/katalog\/wp-json\/wp\/v2\/product_tag?post=128288"}],"curies":[{"name":"wp","href":"https:\/\/api.w.org\/{rel}","templated":true}]}}