{"id":128243,"date":"2025-11-13T15:49:43","date_gmt":"2025-11-13T14:49:43","guid":{"rendered":"https:\/\/www.ernstbrunn-apotheke.at\/katalog\/produkt\/life-light-najara-vegan-pulver-31-2000-g\/"},"modified":"2025-12-09T10:06:17","modified_gmt":"2025-12-09T09:06:17","slug":"life-light-najara-vegan-pulver-31-2000-g","status":"publish","type":"product","link":"https:\/\/www.ernstbrunn-apotheke.at\/katalog\/produkt\/life-light-najara-vegan-pulver-31-2000-g\/","title":{"rendered":"Life Light Najara Vegan Pulver 3+1 2000 g"},"content":{"rendered":"<p>Najara Vegan Pulver 3+1 Lifelight ist ideal f\u00fcr eine kalorienarme Ern\u00e4hrung zur Gewichtsverringerung und begleitend zu di\u00e4tetischen Anwendungen. Die besondere N\u00e4hrstoffzusammensetzung ist geeignet, um eine Mahlzeit zu ersetzen.<\/p>\n","protected":false},"excerpt":{"rendered":"<p>Najara Vegan Pulver 3+1 Lifelight ist ideal f\u00fcr eine kalorienarme Ern\u00e4hrung zur Gewichtsverringerung und begleitend zu di\u00e4tetischen Anwendungen. Die besondere N\u00e4hrstoffzusammensetzung ist geeignet, um eine Mahlzeit zu ersetzen.<\/p>\n","protected":false},"featured_media":128245,"template":"","meta":{"_acf_changed":false},"product_brand":[],"product_cat":[795],"product_tag":[],"class_list":{"0":"post-128243","1":"product","2":"type-product","3":"status-publish","4":"has-post-thumbnail","6":"product_cat-l","7":"pa_packungsgroesse-2kg","9":"first","10":"instock","11":"shipping-taxable","12":"purchasable","13":"product-type-simple"},"acf":[],"_links":{"self":[{"href":"https:\/\/www.ernstbrunn-apotheke.at\/katalog\/wp-json\/wp\/v2\/product\/128243","targetHints":{"allow":["GET"]}}],"collection":[{"href":"https:\/\/www.ernstbrunn-apotheke.at\/katalog\/wp-json\/wp\/v2\/product"}],"about":[{"href":"https:\/\/www.ernstbrunn-apotheke.at\/katalog\/wp-json\/wp\/v2\/types\/product"}],"wp:featuredmedia":[{"embeddable":true,"href":"https:\/\/www.ernstbrunn-apotheke.at\/katalog\/wp-json\/wp\/v2\/media\/128245"}],"wp:attachment":[{"href":"https:\/\/www.ernstbrunn-apotheke.at\/katalog\/wp-json\/wp\/v2\/media?parent=128243"}],"wp:term":[{"taxonomy":"product_brand","embeddable":true,"href":"https:\/\/www.ernstbrunn-apotheke.at\/katalog\/wp-json\/wp\/v2\/product_brand?post=128243"},{"taxonomy":"product_cat","embeddable":true,"href":"https:\/\/www.ernstbrunn-apotheke.at\/katalog\/wp-json\/wp\/v2\/product_cat?post=128243"},{"taxonomy":"product_tag","embeddable":true,"href":"https:\/\/www.ernstbrunn-apotheke.at\/katalog\/wp-json\/wp\/v2\/product_tag?post=128243"}],"curies":[{"name":"wp","href":"https:\/\/api.w.org\/{rel}","templated":true}]}}