{"id":128239,"date":"2025-11-13T15:49:43","date_gmt":"2025-11-13T14:49:43","guid":{"rendered":"https:\/\/www.ernstbrunn-apotheke.at\/katalog\/produkt\/life-light-najara-vegan-2-wochenkur-1-pkg\/"},"modified":"2025-12-09T10:06:15","modified_gmt":"2025-12-09T09:06:15","slug":"life-light-najara-vegan-2-wochenkur-1-pkg","status":"publish","type":"product","link":"https:\/\/www.ernstbrunn-apotheke.at\/katalog\/produkt\/life-light-najara-vegan-2-wochenkur-1-pkg\/","title":{"rendered":"Life Light Najara Vegan 2 Wochenkur 1 Pkg."},"content":{"rendered":"<p>Najara Vegan 2 Wochenkur Life Light ist ein veganes Proteingetr\u00e4nk f\u00fcr eine kalorienarme Ern\u00e4hrung zur Gewichtsverringerung und begleitend zu di\u00e4tetischen Anwendungen. Die besondere N\u00e4hrstoffzusammensetzung mit hochwertigem leicht verdaulichem Erbsenprotein in Kombination mit essenziellen Vitaminen, Mineralstoffen, Spurenelementen, Pflanzenstoffen und Coenzym Q10 ist geeignet, um eine Mahlzeit zu ersetzen.<\/p>\n","protected":false},"excerpt":{"rendered":"<p>Najara Vegan 2 Wochenkur Life Light ist ein veganes Proteingetr\u00e4nk f\u00fcr eine kalorienarme Ern\u00e4hrung zur Gewichtsverringerung und begleitend zu di\u00e4tetischen Anwendungen. Die besondere N\u00e4hrstoffzusammensetzung mit hochwertigem leicht verdaulichem Erbsenprotein in Kombination mit essenziellen Vitaminen, Mineralstoffen, Spurenelementen, Pflanzenstoffen und Coenzym Q10 ist geeignet, um eine Mahlzeit zu ersetzen.<\/p>\n","protected":false},"featured_media":128241,"template":"","meta":{"_acf_changed":false},"product_brand":[],"product_cat":[795],"product_tag":[],"class_list":{"0":"post-128239","1":"product","2":"type-product","3":"status-publish","4":"has-post-thumbnail","6":"product_cat-l","7":"pa_packungsgroesse-500","9":"first","10":"instock","11":"shipping-taxable","12":"purchasable","13":"product-type-simple"},"acf":[],"_links":{"self":[{"href":"https:\/\/www.ernstbrunn-apotheke.at\/katalog\/wp-json\/wp\/v2\/product\/128239","targetHints":{"allow":["GET"]}}],"collection":[{"href":"https:\/\/www.ernstbrunn-apotheke.at\/katalog\/wp-json\/wp\/v2\/product"}],"about":[{"href":"https:\/\/www.ernstbrunn-apotheke.at\/katalog\/wp-json\/wp\/v2\/types\/product"}],"wp:featuredmedia":[{"embeddable":true,"href":"https:\/\/www.ernstbrunn-apotheke.at\/katalog\/wp-json\/wp\/v2\/media\/128241"}],"wp:attachment":[{"href":"https:\/\/www.ernstbrunn-apotheke.at\/katalog\/wp-json\/wp\/v2\/media?parent=128239"}],"wp:term":[{"taxonomy":"product_brand","embeddable":true,"href":"https:\/\/www.ernstbrunn-apotheke.at\/katalog\/wp-json\/wp\/v2\/product_brand?post=128239"},{"taxonomy":"product_cat","embeddable":true,"href":"https:\/\/www.ernstbrunn-apotheke.at\/katalog\/wp-json\/wp\/v2\/product_cat?post=128239"},{"taxonomy":"product_tag","embeddable":true,"href":"https:\/\/www.ernstbrunn-apotheke.at\/katalog\/wp-json\/wp\/v2\/product_tag?post=128239"}],"curies":[{"name":"wp","href":"https:\/\/api.w.org\/{rel}","templated":true}]}}