{"id":128165,"date":"2025-11-13T15:47:00","date_gmt":"2025-11-13T14:47:00","guid":{"rendered":"https:\/\/www.ernstbrunn-apotheke.at\/katalog\/produkt\/life-light-multiall-kapseln-180-stk\/"},"modified":"2025-12-09T10:06:07","modified_gmt":"2025-12-09T09:06:07","slug":"life-light-multiall-kapseln-180-stk","status":"publish","type":"product","link":"https:\/\/www.ernstbrunn-apotheke.at\/katalog\/produkt\/life-light-multiall-kapseln-180-stk\/","title":{"rendered":"Life Light MultiAll Kapseln 180 Stk."},"content":{"rendered":"<p>Multiall Kapseln Life Light dienen zur t\u00e4glichen Basisversorgung mit Vitaminen, Spurenelementen und Mineralstoffen zur sinnvollen Erg\u00e4nzung der t\u00e4glichen Ern\u00e4hrung. Als besonderes Plus enth\u00e4lt die Formel auch wichtige Vitaminoide, pflanzliche Enzyme sowie bioaktive Pflanzenstoffe.<\/p>\n","protected":false},"excerpt":{"rendered":"<p>Multiall Kapseln Life Light dienen zur t\u00e4glichen Basisversorgung mit Vitaminen, Spurenelementen und Mineralstoffen zur sinnvollen Erg\u00e4nzung der t\u00e4glichen Ern\u00e4hrung. Als besonderes Plus enth\u00e4lt die Formel auch wichtige Vitaminoide, pflanzliche Enzyme sowie bioaktive Pflanzenstoffe.<\/p>\n","protected":false},"featured_media":128167,"template":"","meta":{"_acf_changed":false},"product_brand":[],"product_cat":[795],"product_tag":[],"class_list":{"0":"post-128165","1":"product","2":"type-product","3":"status-publish","4":"has-post-thumbnail","6":"product_cat-l","7":"pa_packungsgroesse-180-stueck","9":"first","10":"instock","11":"shipping-taxable","12":"purchasable","13":"product-type-simple"},"acf":[],"_links":{"self":[{"href":"https:\/\/www.ernstbrunn-apotheke.at\/katalog\/wp-json\/wp\/v2\/product\/128165","targetHints":{"allow":["GET"]}}],"collection":[{"href":"https:\/\/www.ernstbrunn-apotheke.at\/katalog\/wp-json\/wp\/v2\/product"}],"about":[{"href":"https:\/\/www.ernstbrunn-apotheke.at\/katalog\/wp-json\/wp\/v2\/types\/product"}],"wp:featuredmedia":[{"embeddable":true,"href":"https:\/\/www.ernstbrunn-apotheke.at\/katalog\/wp-json\/wp\/v2\/media\/128167"}],"wp:attachment":[{"href":"https:\/\/www.ernstbrunn-apotheke.at\/katalog\/wp-json\/wp\/v2\/media?parent=128165"}],"wp:term":[{"taxonomy":"product_brand","embeddable":true,"href":"https:\/\/www.ernstbrunn-apotheke.at\/katalog\/wp-json\/wp\/v2\/product_brand?post=128165"},{"taxonomy":"product_cat","embeddable":true,"href":"https:\/\/www.ernstbrunn-apotheke.at\/katalog\/wp-json\/wp\/v2\/product_cat?post=128165"},{"taxonomy":"product_tag","embeddable":true,"href":"https:\/\/www.ernstbrunn-apotheke.at\/katalog\/wp-json\/wp\/v2\/product_tag?post=128165"}],"curies":[{"name":"wp","href":"https:\/\/api.w.org\/{rel}","templated":true}]}}