{"id":128135,"date":"2025-11-13T15:47:00","date_gmt":"2025-11-13T14:47:00","guid":{"rendered":"https:\/\/www.ernstbrunn-apotheke.at\/katalog\/produkt\/salus-moringa-ingwer-bio-kraeutertee-15-stk\/"},"modified":"2025-12-09T10:06:04","modified_gmt":"2025-12-09T09:06:04","slug":"salus-moringa-ingwer-bio-kraeutertee-15-stk","status":"publish","type":"product","link":"https:\/\/www.ernstbrunn-apotheke.at\/katalog\/produkt\/salus-moringa-ingwer-bio-kraeutertee-15-stk\/","title":{"rendered":"Salus Moringa Ingwer Bio Kr\u00e4utertee 15 Stk."},"content":{"rendered":"<p>Salus Moringa Ingwer Bio Kr\u00e4utertee ist eine ausgewogene, entspannende Kr\u00e4utertee-Spezialit\u00e4t mit zart blumigen Geschmacksnuancen. In diesem Tee kommt aktuelles, aber auch altes, \u00fcberliefertes Kr\u00e4uterwissen zum Tragen. Die Basis f\u00fcr diese vielseitige, ausgewogene Tee-Komposition sind sorgsam ausgesuchte, hochwertige Pflanzen aus \u00f6kologischem Anbau.<\/p>\n","protected":false},"excerpt":{"rendered":"<p>Salus Moringa Ingwer Bio Kr\u00e4utertee ist eine ausgewogene, entspannende Kr\u00e4utertee-Spezialit\u00e4t mit zart blumigen Geschmacksnuancen. In diesem Tee kommt aktuelles, aber auch altes, \u00fcberliefertes Kr\u00e4uterwissen zum Tragen. Die Basis f\u00fcr diese vielseitige, ausgewogene Tee-Komposition sind sorgsam ausgesuchte, hochwertige Pflanzen aus \u00f6kologischem Anbau.<\/p>\n","protected":false},"featured_media":128137,"template":"","meta":{"_acf_changed":false},"product_brand":[],"product_cat":[791],"product_tag":[],"class_list":{"0":"post-128135","1":"product","2":"type-product","3":"status-publish","4":"has-post-thumbnail","6":"product_cat-s","7":"pa_packungsgroesse-15-beutel","9":"first","10":"instock","11":"shipping-taxable","12":"purchasable","13":"product-type-simple"},"acf":[],"_links":{"self":[{"href":"https:\/\/www.ernstbrunn-apotheke.at\/katalog\/wp-json\/wp\/v2\/product\/128135","targetHints":{"allow":["GET"]}}],"collection":[{"href":"https:\/\/www.ernstbrunn-apotheke.at\/katalog\/wp-json\/wp\/v2\/product"}],"about":[{"href":"https:\/\/www.ernstbrunn-apotheke.at\/katalog\/wp-json\/wp\/v2\/types\/product"}],"wp:featuredmedia":[{"embeddable":true,"href":"https:\/\/www.ernstbrunn-apotheke.at\/katalog\/wp-json\/wp\/v2\/media\/128137"}],"wp:attachment":[{"href":"https:\/\/www.ernstbrunn-apotheke.at\/katalog\/wp-json\/wp\/v2\/media?parent=128135"}],"wp:term":[{"taxonomy":"product_brand","embeddable":true,"href":"https:\/\/www.ernstbrunn-apotheke.at\/katalog\/wp-json\/wp\/v2\/product_brand?post=128135"},{"taxonomy":"product_cat","embeddable":true,"href":"https:\/\/www.ernstbrunn-apotheke.at\/katalog\/wp-json\/wp\/v2\/product_cat?post=128135"},{"taxonomy":"product_tag","embeddable":true,"href":"https:\/\/www.ernstbrunn-apotheke.at\/katalog\/wp-json\/wp\/v2\/product_tag?post=128135"}],"curies":[{"name":"wp","href":"https:\/\/api.w.org\/{rel}","templated":true}]}}