{"id":128132,"date":"2025-11-13T15:47:00","date_gmt":"2025-11-13T14:47:00","guid":{"rendered":"https:\/\/www.ernstbrunn-apotheke.at\/katalog\/produkt\/morga-sojawuerfel-mit-meersalz-110-g\/"},"modified":"2025-12-09T10:06:03","modified_gmt":"2025-12-09T09:06:03","slug":"morga-sojawuerfel-mit-meersalz-110-g","status":"publish","type":"product","link":"https:\/\/www.ernstbrunn-apotheke.at\/katalog\/produkt\/morga-sojawuerfel-mit-meersalz-110-g\/","title":{"rendered":"Morga Sojaw\u00fcrfel mit Meersalz 110 g"},"content":{"rendered":"<p>Morga Sojaw\u00fcrfel mit Meersalz sind Suppenw\u00fcrfel mit Soja f\u00fcr klare Suppen, Saucen, Reis und Teigwaren.<\/p>\n","protected":false},"excerpt":{"rendered":"<p>Morga Sojaw\u00fcrfel mit Meersalz sind Suppenw\u00fcrfel mit Soja f\u00fcr klare Suppen, Saucen, Reis und Teigwaren.<\/p>\n","protected":false},"featured_media":128134,"template":"","meta":{"_acf_changed":false},"product_brand":[],"product_cat":[800],"product_tag":[],"class_list":{"0":"post-128132","1":"product","2":"type-product","3":"status-publish","4":"has-post-thumbnail","6":"product_cat-m","7":"pa_packungsgroesse-110g","9":"first","10":"instock","11":"shipping-taxable","12":"purchasable","13":"product-type-simple"},"acf":[],"_links":{"self":[{"href":"https:\/\/www.ernstbrunn-apotheke.at\/katalog\/wp-json\/wp\/v2\/product\/128132","targetHints":{"allow":["GET"]}}],"collection":[{"href":"https:\/\/www.ernstbrunn-apotheke.at\/katalog\/wp-json\/wp\/v2\/product"}],"about":[{"href":"https:\/\/www.ernstbrunn-apotheke.at\/katalog\/wp-json\/wp\/v2\/types\/product"}],"wp:featuredmedia":[{"embeddable":true,"href":"https:\/\/www.ernstbrunn-apotheke.at\/katalog\/wp-json\/wp\/v2\/media\/128134"}],"wp:attachment":[{"href":"https:\/\/www.ernstbrunn-apotheke.at\/katalog\/wp-json\/wp\/v2\/media?parent=128132"}],"wp:term":[{"taxonomy":"product_brand","embeddable":true,"href":"https:\/\/www.ernstbrunn-apotheke.at\/katalog\/wp-json\/wp\/v2\/product_brand?post=128132"},{"taxonomy":"product_cat","embeddable":true,"href":"https:\/\/www.ernstbrunn-apotheke.at\/katalog\/wp-json\/wp\/v2\/product_cat?post=128132"},{"taxonomy":"product_tag","embeddable":true,"href":"https:\/\/www.ernstbrunn-apotheke.at\/katalog\/wp-json\/wp\/v2\/product_tag?post=128132"}],"curies":[{"name":"wp","href":"https:\/\/api.w.org\/{rel}","templated":true}]}}