{"id":128126,"date":"2025-11-13T15:46:16","date_gmt":"2025-11-13T14:46:16","guid":{"rendered":"https:\/\/www.ernstbrunn-apotheke.at\/katalog\/produkt\/morga-soja-500-g-spiralen\/"},"modified":"2025-12-09T10:06:01","modified_gmt":"2025-12-09T09:06:01","slug":"morga-soja-500-g-spiralen","status":"publish","type":"product","link":"https:\/\/www.ernstbrunn-apotheke.at\/katalog\/produkt\/morga-soja-500-g-spiralen\/","title":{"rendered":"Morga Soja 500 g Spiralen"},"content":{"rendered":"<p>Morga Soja sind reich an vollwertigen Kohlenhydraten und hochwertigem Pflanzeneiweiss. Soja-Vollkorn Teigwaren liefern nicht nur wertvolle Kohlenhydrate aus Vollkornprodukten, sie versorgen den K\u00f6rper auch mit pflanzlichem Sojaprotein. Sojaprotein ist zudem laktosefrei und deshalb leicht verdaulich. F\u00fcr eine langanhaltende S\u00e4ttigung nach dem Mittagessen eignen sich die MORGA SojaVollkorn-Teigwaren in Bio-Qualit\u00e4t bestens. Vollkornprodukte enthalten anders als raffinierte hochwertige Mineralstoffe, Vitamine, pflanzliche Eiweisse und Ballaststoffe, welche in der Randschicht sowie im Keimling des Kornes stecken, die bei der Mehlgewinnung mitverarbeitet werden. Es sind die Ballaststoffe, welche f\u00fcr das S\u00e4ttigungsgef\u00fchl sorgen und sich gut auf den Magen-Darm-Trakt auswirken k\u00f6nnen..<\/p>\n","protected":false},"excerpt":{"rendered":"<p>Morga Soja sind reich an vollwertigen Kohlenhydraten und hochwertigem Pflanzeneiweiss. Soja-Vollkorn Teigwaren liefern nicht nur wertvolle Kohlenhydrate aus Vollkornprodukten, sie versorgen den K\u00f6rper auch mit pflanzlichem Sojaprotein. Sojaprotein ist zudem laktosefrei und deshalb leicht verdaulich. F\u00fcr eine langanhaltende S\u00e4ttigung nach dem Mittagessen eignen sich die MORGA SojaVollkorn-Teigwaren in Bio-Qualit\u00e4t bestens. Vollkornprodukte enthalten anders als raffinierte [&hellip;]<\/p>\n","protected":false},"featured_media":128128,"template":"","meta":{"_acf_changed":false},"product_brand":[],"product_cat":[800],"product_tag":[],"class_list":{"0":"post-128126","1":"product","2":"type-product","3":"status-publish","4":"has-post-thumbnail","6":"product_cat-m","7":"pa_packungsgroesse-500g","9":"first","10":"instock","11":"shipping-taxable","12":"purchasable","13":"product-type-simple"},"acf":[],"_links":{"self":[{"href":"https:\/\/www.ernstbrunn-apotheke.at\/katalog\/wp-json\/wp\/v2\/product\/128126","targetHints":{"allow":["GET"]}}],"collection":[{"href":"https:\/\/www.ernstbrunn-apotheke.at\/katalog\/wp-json\/wp\/v2\/product"}],"about":[{"href":"https:\/\/www.ernstbrunn-apotheke.at\/katalog\/wp-json\/wp\/v2\/types\/product"}],"wp:featuredmedia":[{"embeddable":true,"href":"https:\/\/www.ernstbrunn-apotheke.at\/katalog\/wp-json\/wp\/v2\/media\/128128"}],"wp:attachment":[{"href":"https:\/\/www.ernstbrunn-apotheke.at\/katalog\/wp-json\/wp\/v2\/media?parent=128126"}],"wp:term":[{"taxonomy":"product_brand","embeddable":true,"href":"https:\/\/www.ernstbrunn-apotheke.at\/katalog\/wp-json\/wp\/v2\/product_brand?post=128126"},{"taxonomy":"product_cat","embeddable":true,"href":"https:\/\/www.ernstbrunn-apotheke.at\/katalog\/wp-json\/wp\/v2\/product_cat?post=128126"},{"taxonomy":"product_tag","embeddable":true,"href":"https:\/\/www.ernstbrunn-apotheke.at\/katalog\/wp-json\/wp\/v2\/product_tag?post=128126"}],"curies":[{"name":"wp","href":"https:\/\/api.w.org\/{rel}","templated":true}]}}