{"id":128117,"date":"2025-11-13T15:46:16","date_gmt":"2025-11-13T14:46:16","guid":{"rendered":"https:\/\/www.ernstbrunn-apotheke.at\/katalog\/produkt\/morga-holunder-hustensirup-380-ml\/"},"modified":"2025-12-09T10:06:00","modified_gmt":"2025-12-09T09:06:00","slug":"morga-holunder-hustensirup-380-ml","status":"publish","type":"product","link":"https:\/\/www.ernstbrunn-apotheke.at\/katalog\/produkt\/morga-holunder-hustensirup-380-ml\/","title":{"rendered":"Morga Holunder Hustensirup 380 ml"},"content":{"rendered":"<p>Ihren Ursprung hat die Firma Morga in Indien: Der Grossvater des heutigen Gesch\u00e4ftsf\u00fchrers, Ernst Lieberherr, zog 1910 f\u00fcr die Firma Gebr\u00fcder Volkart in das fremde Land und lernte schnell, sich in diesem neuen Umfeld zu bewegen. W\u00e4hrend seines 20-j\u00e4hrigen Aufenthalts in dem so ganz anderen Land kam er auf den Geschmack vegetarischer Ern\u00e4hrung und lernte bis dahin in der Schweiz unbekannte, spannende Produkte und Ern\u00e4hrungsformen kennen.<\/p>\n","protected":false},"excerpt":{"rendered":"<p>Ihren Ursprung hat die Firma Morga in Indien: Der Grossvater des heutigen Gesch\u00e4ftsf\u00fchrers, Ernst Lieberherr, zog 1910 f\u00fcr die Firma Gebr\u00fcder Volkart in das fremde Land und lernte schnell, sich in diesem neuen Umfeld zu bewegen. W\u00e4hrend seines 20-j\u00e4hrigen Aufenthalts in dem so ganz anderen Land kam er auf den Geschmack vegetarischer Ern\u00e4hrung und lernte [&hellip;]<\/p>\n","protected":false},"featured_media":128119,"template":"","meta":{"_acf_changed":false},"product_brand":[],"product_cat":[800],"product_tag":[],"class_list":{"0":"post-128117","1":"product","2":"type-product","3":"status-publish","4":"has-post-thumbnail","6":"product_cat-m","7":"pa_packungsgroesse-380ml","9":"first","10":"instock","11":"shipping-taxable","12":"purchasable","13":"product-type-simple"},"acf":[],"_links":{"self":[{"href":"https:\/\/www.ernstbrunn-apotheke.at\/katalog\/wp-json\/wp\/v2\/product\/128117","targetHints":{"allow":["GET"]}}],"collection":[{"href":"https:\/\/www.ernstbrunn-apotheke.at\/katalog\/wp-json\/wp\/v2\/product"}],"about":[{"href":"https:\/\/www.ernstbrunn-apotheke.at\/katalog\/wp-json\/wp\/v2\/types\/product"}],"wp:featuredmedia":[{"embeddable":true,"href":"https:\/\/www.ernstbrunn-apotheke.at\/katalog\/wp-json\/wp\/v2\/media\/128119"}],"wp:attachment":[{"href":"https:\/\/www.ernstbrunn-apotheke.at\/katalog\/wp-json\/wp\/v2\/media?parent=128117"}],"wp:term":[{"taxonomy":"product_brand","embeddable":true,"href":"https:\/\/www.ernstbrunn-apotheke.at\/katalog\/wp-json\/wp\/v2\/product_brand?post=128117"},{"taxonomy":"product_cat","embeddable":true,"href":"https:\/\/www.ernstbrunn-apotheke.at\/katalog\/wp-json\/wp\/v2\/product_cat?post=128117"},{"taxonomy":"product_tag","embeddable":true,"href":"https:\/\/www.ernstbrunn-apotheke.at\/katalog\/wp-json\/wp\/v2\/product_tag?post=128117"}],"curies":[{"name":"wp","href":"https:\/\/api.w.org\/{rel}","templated":true}]}}