{"id":128003,"date":"2025-11-13T15:44:11","date_gmt":"2025-11-13T14:44:11","guid":{"rendered":"https:\/\/www.ernstbrunn-apotheke.at\/katalog\/produkt\/milinda-desinfektionsloesung-hand-und-flaeche-120-ml\/"},"modified":"2025-12-09T10:05:38","modified_gmt":"2025-12-09T09:05:38","slug":"milinda-desinfektionsloesung-hand-und-flaeche-120-ml","status":"publish","type":"product","link":"https:\/\/www.ernstbrunn-apotheke.at\/katalog\/produkt\/milinda-desinfektionsloesung-hand-und-flaeche-120-ml\/","title":{"rendered":"Milinda Desinfektionsl\u00f6sung Hand und Fl\u00e4che 120 ml"},"content":{"rendered":"<p>Diese L\u00f6sung zur H\u00e4nde- und Fl\u00e4chendesinfektion mit 70% Ethanol entfernt Bakterien und wirkt gegen beh\u00fcllte Viren wie z.B. Corona- und Grippe-Viren.<\/p>\n","protected":false},"excerpt":{"rendered":"<p>Diese L\u00f6sung zur H\u00e4nde- und Fl\u00e4chendesinfektion mit 70% Ethanol entfernt Bakterien und wirkt gegen beh\u00fcllte Viren wie z.B. Corona- und Grippe-Viren.<\/p>\n","protected":false},"featured_media":0,"template":"","meta":{"_acf_changed":false},"product_brand":[],"product_cat":[800],"product_tag":[],"class_list":{"0":"post-128003","1":"product","2":"type-product","3":"status-publish","5":"product_cat-m","6":"pa_packungsgroesse-120ml","8":"first","9":"instock","10":"shipping-taxable","11":"purchasable","12":"product-type-simple"},"acf":[],"_links":{"self":[{"href":"https:\/\/www.ernstbrunn-apotheke.at\/katalog\/wp-json\/wp\/v2\/product\/128003","targetHints":{"allow":["GET"]}}],"collection":[{"href":"https:\/\/www.ernstbrunn-apotheke.at\/katalog\/wp-json\/wp\/v2\/product"}],"about":[{"href":"https:\/\/www.ernstbrunn-apotheke.at\/katalog\/wp-json\/wp\/v2\/types\/product"}],"wp:attachment":[{"href":"https:\/\/www.ernstbrunn-apotheke.at\/katalog\/wp-json\/wp\/v2\/media?parent=128003"}],"wp:term":[{"taxonomy":"product_brand","embeddable":true,"href":"https:\/\/www.ernstbrunn-apotheke.at\/katalog\/wp-json\/wp\/v2\/product_brand?post=128003"},{"taxonomy":"product_cat","embeddable":true,"href":"https:\/\/www.ernstbrunn-apotheke.at\/katalog\/wp-json\/wp\/v2\/product_cat?post=128003"},{"taxonomy":"product_tag","embeddable":true,"href":"https:\/\/www.ernstbrunn-apotheke.at\/katalog\/wp-json\/wp\/v2\/product_tag?post=128003"}],"curies":[{"name":"wp","href":"https:\/\/api.w.org\/{rel}","templated":true}]}}