{"id":127855,"date":"2025-11-13T15:40:47","date_gmt":"2025-11-13T14:40:47","guid":{"rendered":"https:\/\/www.ernstbrunn-apotheke.at\/katalog\/produkt\/melasan-sport-energieblock-schoko-nuss-thekendisplay-1050-g\/"},"modified":"2025-12-09T10:05:09","modified_gmt":"2025-12-09T09:05:09","slug":"melasan-sport-energieblock-schoko-nuss-thekendisplay-1050-g","status":"publish","type":"product","link":"https:\/\/www.ernstbrunn-apotheke.at\/katalog\/produkt\/melasan-sport-energieblock-schoko-nuss-thekendisplay-1050-g\/","title":{"rendered":"Melasan Sport ENERGIEBLOCK Schoko-Nuss Thekendisplay 1050 g"},"content":{"rendered":"<p>Der Melasan-Sport Energieblock in der Geschmacksrichtung Schoko-Nuss ist die ideale Zwischenmahlzeit um w\u00e4hrend k\u00f6rperlicher Anstrengungen zus\u00e4tzlich Energie zu tanken. Den Grundstein f\u00fcr unseren Melasan-Sport Energieblock bilden saftige Haferflocken.<\/p>\n","protected":false},"excerpt":{"rendered":"<p>Der Melasan-Sport Energieblock in der Geschmacksrichtung Schoko-Nuss ist die ideale Zwischenmahlzeit um w\u00e4hrend k\u00f6rperlicher Anstrengungen zus\u00e4tzlich Energie zu tanken. Den Grundstein f\u00fcr unseren Melasan-Sport Energieblock bilden saftige Haferflocken.<\/p>\n","protected":false},"featured_media":0,"template":"","meta":{"_acf_changed":false},"product_brand":[373],"product_cat":[800],"product_tag":[],"class_list":{"0":"post-127855","1":"product","2":"type-product","3":"status-publish","5":"product_brand-melasan","6":"product_cat-m","7":"pa_packungsgroesse-18-stueck","9":"first","10":"instock","11":"shipping-taxable","12":"purchasable","13":"product-type-simple"},"acf":[],"_links":{"self":[{"href":"https:\/\/www.ernstbrunn-apotheke.at\/katalog\/wp-json\/wp\/v2\/product\/127855","targetHints":{"allow":["GET"]}}],"collection":[{"href":"https:\/\/www.ernstbrunn-apotheke.at\/katalog\/wp-json\/wp\/v2\/product"}],"about":[{"href":"https:\/\/www.ernstbrunn-apotheke.at\/katalog\/wp-json\/wp\/v2\/types\/product"}],"wp:attachment":[{"href":"https:\/\/www.ernstbrunn-apotheke.at\/katalog\/wp-json\/wp\/v2\/media?parent=127855"}],"wp:term":[{"taxonomy":"product_brand","embeddable":true,"href":"https:\/\/www.ernstbrunn-apotheke.at\/katalog\/wp-json\/wp\/v2\/product_brand?post=127855"},{"taxonomy":"product_cat","embeddable":true,"href":"https:\/\/www.ernstbrunn-apotheke.at\/katalog\/wp-json\/wp\/v2\/product_cat?post=127855"},{"taxonomy":"product_tag","embeddable":true,"href":"https:\/\/www.ernstbrunn-apotheke.at\/katalog\/wp-json\/wp\/v2\/product_tag?post=127855"}],"curies":[{"name":"wp","href":"https:\/\/api.w.org\/{rel}","templated":true}]}}