{"id":12733,"date":"2025-11-07T14:54:54","date_gmt":"2025-11-07T13:54:54","guid":{"rendered":"https:\/\/www.ernstbrunn-apotheke.at\/katalog\/produkt\/optive-augenpflege-tropfen\/"},"modified":"2025-12-08T13:34:01","modified_gmt":"2025-12-08T12:34:01","slug":"optive-augenpflege-tropfen","status":"publish","type":"product","link":"https:\/\/www.ernstbrunn-apotheke.at\/katalog\/produkt\/optive-augenpflege-tropfen\/","title":{"rendered":"Optive Augenpflege &#8211; Tropfen"},"content":{"rendered":"<p>Optive Augenpflege-Tropfen bieten langanhaltende Linderung bei verschwommenem Sehen, bei Einschr\u00e4nkungen beim Lesen, oder Bedienen des Computers. Die Wirkformel sch\u00fctzt und regeneriert die Hornhaut und st\u00e4rkt die nat\u00fcrliche Tr\u00e4nenfl\u00fcssigkeit.<\/p>\n","protected":false},"excerpt":{"rendered":"<p>Optive Augenpflege-Tropfen bieten langanhaltende Linderung bei verschwommenem Sehen, bei Einschr\u00e4nkungen beim Lesen, oder Bedienen des Computers. Die Wirkformel sch\u00fctzt und regeneriert die Hornhaut und st\u00e4rkt die nat\u00fcrliche Tr\u00e4nenfl\u00fcssigkeit.<\/p>\n","protected":false},"featured_media":12735,"template":"","meta":{"_acf_changed":false},"product_brand":[],"product_cat":[819],"product_tag":[],"class_list":{"0":"post-12733","1":"product","2":"type-product","3":"status-publish","4":"has-post-thumbnail","6":"product_cat-o","7":"pa_packungsgroesse-10ml","9":"first","10":"instock","11":"shipping-taxable","12":"purchasable","13":"product-type-simple"},"acf":[],"_links":{"self":[{"href":"https:\/\/www.ernstbrunn-apotheke.at\/katalog\/wp-json\/wp\/v2\/product\/12733","targetHints":{"allow":["GET"]}}],"collection":[{"href":"https:\/\/www.ernstbrunn-apotheke.at\/katalog\/wp-json\/wp\/v2\/product"}],"about":[{"href":"https:\/\/www.ernstbrunn-apotheke.at\/katalog\/wp-json\/wp\/v2\/types\/product"}],"wp:featuredmedia":[{"embeddable":true,"href":"https:\/\/www.ernstbrunn-apotheke.at\/katalog\/wp-json\/wp\/v2\/media\/12735"}],"wp:attachment":[{"href":"https:\/\/www.ernstbrunn-apotheke.at\/katalog\/wp-json\/wp\/v2\/media?parent=12733"}],"wp:term":[{"taxonomy":"product_brand","embeddable":true,"href":"https:\/\/www.ernstbrunn-apotheke.at\/katalog\/wp-json\/wp\/v2\/product_brand?post=12733"},{"taxonomy":"product_cat","embeddable":true,"href":"https:\/\/www.ernstbrunn-apotheke.at\/katalog\/wp-json\/wp\/v2\/product_cat?post=12733"},{"taxonomy":"product_tag","embeddable":true,"href":"https:\/\/www.ernstbrunn-apotheke.at\/katalog\/wp-json\/wp\/v2\/product_tag?post=12733"}],"curies":[{"name":"wp","href":"https:\/\/api.w.org\/{rel}","templated":true}]}}