{"id":127268,"date":"2025-11-13T15:17:51","date_gmt":"2025-11-13T14:17:51","guid":{"rendered":"https:\/\/www.ernstbrunn-apotheke.at\/katalog\/produkt\/milupa-milumil-precinutri-1-800-g\/"},"modified":"2025-12-09T10:02:40","modified_gmt":"2025-12-09T09:02:40","slug":"milupa-milumil-precinutri-1-800-g","status":"publish","type":"product","link":"https:\/\/www.ernstbrunn-apotheke.at\/katalog\/produkt\/milupa-milumil-precinutri-1-800-g\/","title":{"rendered":"Milupa Milumil Precinutri +1 800 g"},"content":{"rendered":"<p>Dank 90 Jahren Erfahrung im Bereich Babynahrung unterst\u00fctzen die Produkte von Milupa Aptamil Ihr Kleines ma\u00dfgeschneidert in seinem jeweiligen Alter beim gesunden Gro\u00dfwerden.<\/p>\n","protected":false},"excerpt":{"rendered":"<p>Dank 90 Jahren Erfahrung im Bereich Babynahrung unterst\u00fctzen die Produkte von Milupa Aptamil Ihr Kleines ma\u00dfgeschneidert in seinem jeweiligen Alter beim gesunden Gro\u00dfwerden.<\/p>\n","protected":false},"featured_media":127270,"template":"","meta":{"_acf_changed":false},"product_brand":[],"product_cat":[800],"product_tag":[],"class_list":{"0":"post-127268","1":"product","2":"type-product","3":"status-publish","4":"has-post-thumbnail","6":"product_cat-m","7":"pa_packungsgroesse-800g","9":"first","10":"instock","11":"shipping-taxable","12":"purchasable","13":"product-type-simple"},"acf":[],"_links":{"self":[{"href":"https:\/\/www.ernstbrunn-apotheke.at\/katalog\/wp-json\/wp\/v2\/product\/127268","targetHints":{"allow":["GET"]}}],"collection":[{"href":"https:\/\/www.ernstbrunn-apotheke.at\/katalog\/wp-json\/wp\/v2\/product"}],"about":[{"href":"https:\/\/www.ernstbrunn-apotheke.at\/katalog\/wp-json\/wp\/v2\/types\/product"}],"wp:featuredmedia":[{"embeddable":true,"href":"https:\/\/www.ernstbrunn-apotheke.at\/katalog\/wp-json\/wp\/v2\/media\/127270"}],"wp:attachment":[{"href":"https:\/\/www.ernstbrunn-apotheke.at\/katalog\/wp-json\/wp\/v2\/media?parent=127268"}],"wp:term":[{"taxonomy":"product_brand","embeddable":true,"href":"https:\/\/www.ernstbrunn-apotheke.at\/katalog\/wp-json\/wp\/v2\/product_brand?post=127268"},{"taxonomy":"product_cat","embeddable":true,"href":"https:\/\/www.ernstbrunn-apotheke.at\/katalog\/wp-json\/wp\/v2\/product_cat?post=127268"},{"taxonomy":"product_tag","embeddable":true,"href":"https:\/\/www.ernstbrunn-apotheke.at\/katalog\/wp-json\/wp\/v2\/product_tag?post=127268"}],"curies":[{"name":"wp","href":"https:\/\/api.w.org\/{rel}","templated":true}]}}