{"id":127241,"date":"2025-11-13T15:17:14","date_gmt":"2025-11-13T14:17:14","guid":{"rendered":"https:\/\/www.ernstbrunn-apotheke.at\/katalog\/produkt\/menicon-solo-care-aqua-120-ml\/"},"modified":"2025-12-09T10:02:37","modified_gmt":"2025-12-09T09:02:37","slug":"menicon-solo-care-aqua-120-ml","status":"publish","type":"product","link":"https:\/\/www.ernstbrunn-apotheke.at\/katalog\/produkt\/menicon-solo-care-aqua-120-ml\/","title":{"rendered":"Menicon Solo Care Aqua 120 ml"},"content":{"rendered":"<p>Menicon Solo Care Aqua ist eine All-in-One-L\u00f6sung f\u00fcr alle weichen Kontaktlinsen, Austauschsysteme und Farblinsen. Die L\u00f6sung dient sowohl f\u00fcr die Reinigung und Desinfizierung Ihrer Kontaktlinsen als auch f\u00fcr das Absp\u00fclen, Aufbewahren und Benetzen. Auch Proteinablagerungen entfernt die L\u00f6sung zuverl\u00e4ssig.<\/p>\n","protected":false},"excerpt":{"rendered":"<p>Menicon Solo Care Aqua ist eine All-in-One-L\u00f6sung f\u00fcr alle weichen Kontaktlinsen, Austauschsysteme und Farblinsen. Die L\u00f6sung dient sowohl f\u00fcr die Reinigung und Desinfizierung Ihrer Kontaktlinsen als auch f\u00fcr das Absp\u00fclen, Aufbewahren und Benetzen. Auch Proteinablagerungen entfernt die L\u00f6sung zuverl\u00e4ssig.<\/p>\n","protected":false},"featured_media":127243,"template":"","meta":{"_acf_changed":false},"product_brand":[],"product_cat":[800],"product_tag":[],"class_list":{"0":"post-127241","1":"product","2":"type-product","3":"status-publish","4":"has-post-thumbnail","6":"product_cat-m","7":"pa_packungsgroesse-120ml","9":"first","10":"instock","11":"shipping-taxable","12":"purchasable","13":"product-type-simple"},"acf":[],"_links":{"self":[{"href":"https:\/\/www.ernstbrunn-apotheke.at\/katalog\/wp-json\/wp\/v2\/product\/127241","targetHints":{"allow":["GET"]}}],"collection":[{"href":"https:\/\/www.ernstbrunn-apotheke.at\/katalog\/wp-json\/wp\/v2\/product"}],"about":[{"href":"https:\/\/www.ernstbrunn-apotheke.at\/katalog\/wp-json\/wp\/v2\/types\/product"}],"wp:featuredmedia":[{"embeddable":true,"href":"https:\/\/www.ernstbrunn-apotheke.at\/katalog\/wp-json\/wp\/v2\/media\/127243"}],"wp:attachment":[{"href":"https:\/\/www.ernstbrunn-apotheke.at\/katalog\/wp-json\/wp\/v2\/media?parent=127241"}],"wp:term":[{"taxonomy":"product_brand","embeddable":true,"href":"https:\/\/www.ernstbrunn-apotheke.at\/katalog\/wp-json\/wp\/v2\/product_brand?post=127241"},{"taxonomy":"product_cat","embeddable":true,"href":"https:\/\/www.ernstbrunn-apotheke.at\/katalog\/wp-json\/wp\/v2\/product_cat?post=127241"},{"taxonomy":"product_tag","embeddable":true,"href":"https:\/\/www.ernstbrunn-apotheke.at\/katalog\/wp-json\/wp\/v2\/product_tag?post=127241"}],"curies":[{"name":"wp","href":"https:\/\/api.w.org\/{rel}","templated":true}]}}