{"id":127232,"date":"2025-11-13T15:17:06","date_gmt":"2025-11-13T14:17:06","guid":{"rendered":"https:\/\/www.ernstbrunn-apotheke.at\/katalog\/produkt\/melkfett-dr-kellers-mit-azilen-kamillenwirkstoff-dose-500-ml\/"},"modified":"2025-12-09T10:02:36","modified_gmt":"2025-12-09T09:02:36","slug":"melkfett-dr-kellers-mit-azilen-kamillenwirkstoff-dose-500-ml","status":"publish","type":"product","link":"https:\/\/www.ernstbrunn-apotheke.at\/katalog\/produkt\/melkfett-dr-kellers-mit-azilen-kamillenwirkstoff-dose-500-ml\/","title":{"rendered":"Melkfett Dr. Kellers (mit Azilen-Kamillenwirkstoff) Dose 500 ml"},"content":{"rendered":"<p>Melkfett Dr. Keller&#8217;s (mit Azilen-Kamillenwirkstoff) ist ein hervorragendes Pflegemittel f\u00fcr Euter und H\u00e4nde. Es ist aber auch bestens zur Pfotenpflege bei Hunden geeignet. Enh\u00e4lt Azilen Kamillenwirkstoff.<\/p>\n","protected":false},"excerpt":{"rendered":"<p>Melkfett Dr. Keller&#8217;s (mit Azilen-Kamillenwirkstoff) ist ein hervorragendes Pflegemittel f\u00fcr Euter und H\u00e4nde. Es ist aber auch bestens zur Pfotenpflege bei Hunden geeignet. Enh\u00e4lt Azilen Kamillenwirkstoff.<\/p>\n","protected":false},"featured_media":127234,"template":"","meta":{"_acf_changed":false},"product_brand":[],"product_cat":[800],"product_tag":[],"class_list":{"0":"post-127232","1":"product","2":"type-product","3":"status-publish","4":"has-post-thumbnail","6":"product_cat-m","7":"pa_packungsgroesse-500ml","9":"first","10":"instock","11":"shipping-taxable","12":"purchasable","13":"product-type-simple"},"acf":[],"_links":{"self":[{"href":"https:\/\/www.ernstbrunn-apotheke.at\/katalog\/wp-json\/wp\/v2\/product\/127232","targetHints":{"allow":["GET"]}}],"collection":[{"href":"https:\/\/www.ernstbrunn-apotheke.at\/katalog\/wp-json\/wp\/v2\/product"}],"about":[{"href":"https:\/\/www.ernstbrunn-apotheke.at\/katalog\/wp-json\/wp\/v2\/types\/product"}],"wp:featuredmedia":[{"embeddable":true,"href":"https:\/\/www.ernstbrunn-apotheke.at\/katalog\/wp-json\/wp\/v2\/media\/127234"}],"wp:attachment":[{"href":"https:\/\/www.ernstbrunn-apotheke.at\/katalog\/wp-json\/wp\/v2\/media?parent=127232"}],"wp:term":[{"taxonomy":"product_brand","embeddable":true,"href":"https:\/\/www.ernstbrunn-apotheke.at\/katalog\/wp-json\/wp\/v2\/product_brand?post=127232"},{"taxonomy":"product_cat","embeddable":true,"href":"https:\/\/www.ernstbrunn-apotheke.at\/katalog\/wp-json\/wp\/v2\/product_cat?post=127232"},{"taxonomy":"product_tag","embeddable":true,"href":"https:\/\/www.ernstbrunn-apotheke.at\/katalog\/wp-json\/wp\/v2\/product_tag?post=127232"}],"curies":[{"name":"wp","href":"https:\/\/api.w.org\/{rel}","templated":true}]}}