{"id":127203,"date":"2025-11-13T15:16:23","date_gmt":"2025-11-13T14:16:23","guid":{"rendered":"https:\/\/www.ernstbrunn-apotheke.at\/katalog\/produkt\/melasan-sport-protein-drink-vanille-540-g\/"},"modified":"2025-12-09T10:02:32","modified_gmt":"2025-12-09T09:02:32","slug":"melasan-sport-protein-drink-vanille-540-g","status":"publish","type":"product","link":"https:\/\/www.ernstbrunn-apotheke.at\/katalog\/produkt\/melasan-sport-protein-drink-vanille-540-g\/","title":{"rendered":"Melasan Sport Protein Drink Vanille 540 g"},"content":{"rendered":"<p>Melasan Sport Protein Drink Vanille ist einer der wenigen Shakes welcher g\u00e4nzlich ohne k\u00fcnstliche Zusatzstoffe auskommt. Der Protein Drink enth\u00e4lt pro Portion 23 g reines Eiwei\u00df h\u00f6chster Qualit\u00e4t und hat ein optimales Aminos\u00e4ureprofil mit einem hohen Anteil an den verzweigtkettigen Aminos\u00e4uren Leucin, Valin und Isoleucin. Aufgrund dieser Eigenschaften ist der Melasan Protein Drink mit echter Bourbon-Vanille aus kontrolliert biologischem Anbau die perfekte Erg\u00e4nzung um Muskelmasse aufzubauen bei bester Vertr\u00e4glichkeit..<\/p>\n","protected":false},"excerpt":{"rendered":"<p>Melasan Sport Protein Drink Vanille ist einer der wenigen Shakes welcher g\u00e4nzlich ohne k\u00fcnstliche Zusatzstoffe auskommt. Der Protein Drink enth\u00e4lt pro Portion 23 g reines Eiwei\u00df h\u00f6chster Qualit\u00e4t und hat ein optimales Aminos\u00e4ureprofil mit einem hohen Anteil an den verzweigtkettigen Aminos\u00e4uren Leucin, Valin und Isoleucin. Aufgrund dieser Eigenschaften ist der Melasan Protein Drink mit echter [&hellip;]<\/p>\n","protected":false},"featured_media":127205,"template":"","meta":{"_acf_changed":false},"product_brand":[373],"product_cat":[800],"product_tag":[],"class_list":{"0":"post-127203","1":"product","2":"type-product","3":"status-publish","4":"has-post-thumbnail","6":"product_brand-melasan","7":"product_cat-m","8":"pa_packungsgroesse-540g","10":"first","11":"instock","12":"shipping-taxable","13":"purchasable","14":"product-type-simple"},"acf":[],"_links":{"self":[{"href":"https:\/\/www.ernstbrunn-apotheke.at\/katalog\/wp-json\/wp\/v2\/product\/127203","targetHints":{"allow":["GET"]}}],"collection":[{"href":"https:\/\/www.ernstbrunn-apotheke.at\/katalog\/wp-json\/wp\/v2\/product"}],"about":[{"href":"https:\/\/www.ernstbrunn-apotheke.at\/katalog\/wp-json\/wp\/v2\/types\/product"}],"wp:featuredmedia":[{"embeddable":true,"href":"https:\/\/www.ernstbrunn-apotheke.at\/katalog\/wp-json\/wp\/v2\/media\/127205"}],"wp:attachment":[{"href":"https:\/\/www.ernstbrunn-apotheke.at\/katalog\/wp-json\/wp\/v2\/media?parent=127203"}],"wp:term":[{"taxonomy":"product_brand","embeddable":true,"href":"https:\/\/www.ernstbrunn-apotheke.at\/katalog\/wp-json\/wp\/v2\/product_brand?post=127203"},{"taxonomy":"product_cat","embeddable":true,"href":"https:\/\/www.ernstbrunn-apotheke.at\/katalog\/wp-json\/wp\/v2\/product_cat?post=127203"},{"taxonomy":"product_tag","embeddable":true,"href":"https:\/\/www.ernstbrunn-apotheke.at\/katalog\/wp-json\/wp\/v2\/product_tag?post=127203"}],"curies":[{"name":"wp","href":"https:\/\/api.w.org\/{rel}","templated":true}]}}