{"id":12719,"date":"2025-11-07T14:54:08","date_gmt":"2025-11-07T13:54:08","guid":{"rendered":"https:\/\/www.ernstbrunn-apotheke.at\/katalog\/produkt\/artelac-lipid-md-augentropfen\/"},"modified":"2025-12-08T13:33:59","modified_gmt":"2025-12-08T12:33:59","slug":"artelac-lipid-md-augentropfen","status":"publish","type":"product","link":"https:\/\/www.ernstbrunn-apotheke.at\/katalog\/produkt\/artelac-lipid-md-augentropfen\/","title":{"rendered":"Artelac Lipid MD Augentropfen"},"content":{"rendered":"<p>Artelac Lipid MD Augentropfen erg\u00e4nzen die \u00e4u\u00dferste Fettschicht des Augenlids. So lindern sie das Gef\u00fchl trockener, tr\u00e4nender Augen.<\/p>\n","protected":false},"excerpt":{"rendered":"<p>Artelac Lipid MD Augentropfen erg\u00e4nzen die \u00e4u\u00dferste Fettschicht des Augenlids. So lindern sie das Gef\u00fchl trockener, tr\u00e4nender Augen.<\/p>\n","protected":false},"featured_media":12721,"template":"","meta":{"_acf_changed":false},"product_brand":[],"product_cat":[801],"product_tag":[],"class_list":{"0":"post-12719","1":"product","2":"type-product","3":"status-publish","4":"has-post-thumbnail","6":"product_cat-a","7":"pa_packungsgroesse-10g","9":"first","10":"instock","11":"shipping-taxable","12":"purchasable","13":"product-type-simple"},"acf":[],"_links":{"self":[{"href":"https:\/\/www.ernstbrunn-apotheke.at\/katalog\/wp-json\/wp\/v2\/product\/12719","targetHints":{"allow":["GET"]}}],"collection":[{"href":"https:\/\/www.ernstbrunn-apotheke.at\/katalog\/wp-json\/wp\/v2\/product"}],"about":[{"href":"https:\/\/www.ernstbrunn-apotheke.at\/katalog\/wp-json\/wp\/v2\/types\/product"}],"wp:featuredmedia":[{"embeddable":true,"href":"https:\/\/www.ernstbrunn-apotheke.at\/katalog\/wp-json\/wp\/v2\/media\/12721"}],"wp:attachment":[{"href":"https:\/\/www.ernstbrunn-apotheke.at\/katalog\/wp-json\/wp\/v2\/media?parent=12719"}],"wp:term":[{"taxonomy":"product_brand","embeddable":true,"href":"https:\/\/www.ernstbrunn-apotheke.at\/katalog\/wp-json\/wp\/v2\/product_brand?post=12719"},{"taxonomy":"product_cat","embeddable":true,"href":"https:\/\/www.ernstbrunn-apotheke.at\/katalog\/wp-json\/wp\/v2\/product_cat?post=12719"},{"taxonomy":"product_tag","embeddable":true,"href":"https:\/\/www.ernstbrunn-apotheke.at\/katalog\/wp-json\/wp\/v2\/product_tag?post=12719"}],"curies":[{"name":"wp","href":"https:\/\/api.w.org\/{rel}","templated":true}]}}