{"id":12699,"date":"2025-11-07T14:54:08","date_gmt":"2025-11-07T13:54:08","guid":{"rendered":"https:\/\/www.ernstbrunn-apotheke.at\/katalog\/produkt\/tears-again-augenspray-optima\/"},"modified":"2025-12-08T13:33:58","modified_gmt":"2025-12-08T12:33:58","slug":"tears-again-augenspray-optima","status":"publish","type":"product","link":"https:\/\/www.ernstbrunn-apotheke.at\/katalog\/produkt\/tears-again-augenspray-optima\/","title":{"rendered":"Tears Again Augenspray optima"},"content":{"rendered":"<p>Tears Again Augen-Spray zur verbesserten Befeuchtung der Augen und Augenlider. Die erste Wahl bei umweltbedingten trockenen und tr\u00e4nenden Augen, Spannungsgef\u00fchl der Augenlider, Fremdk\u00f6rpergef\u00fchl, Brennen und Jucken der Augen<\/p>\n","protected":false},"excerpt":{"rendered":"<p>Tears Again Augen-Spray zur verbesserten Befeuchtung der Augen und Augenlider. Die erste Wahl bei umweltbedingten trockenen und tr\u00e4nenden Augen, Spannungsgef\u00fchl der Augenlider, Fremdk\u00f6rpergef\u00fchl, Brennen und Jucken der Augen<\/p>\n","protected":false},"featured_media":12701,"template":"","meta":{"_acf_changed":false},"product_brand":[],"product_cat":[798],"product_tag":[],"class_list":{"0":"post-12699","1":"product","2":"type-product","3":"status-publish","4":"has-post-thumbnail","6":"product_cat-t","7":"pa_packungsgroesse-10ml","9":"first","10":"instock","11":"shipping-taxable","12":"purchasable","13":"product-type-simple"},"acf":[],"_links":{"self":[{"href":"https:\/\/www.ernstbrunn-apotheke.at\/katalog\/wp-json\/wp\/v2\/product\/12699","targetHints":{"allow":["GET"]}}],"collection":[{"href":"https:\/\/www.ernstbrunn-apotheke.at\/katalog\/wp-json\/wp\/v2\/product"}],"about":[{"href":"https:\/\/www.ernstbrunn-apotheke.at\/katalog\/wp-json\/wp\/v2\/types\/product"}],"wp:featuredmedia":[{"embeddable":true,"href":"https:\/\/www.ernstbrunn-apotheke.at\/katalog\/wp-json\/wp\/v2\/media\/12701"}],"wp:attachment":[{"href":"https:\/\/www.ernstbrunn-apotheke.at\/katalog\/wp-json\/wp\/v2\/media?parent=12699"}],"wp:term":[{"taxonomy":"product_brand","embeddable":true,"href":"https:\/\/www.ernstbrunn-apotheke.at\/katalog\/wp-json\/wp\/v2\/product_brand?post=12699"},{"taxonomy":"product_cat","embeddable":true,"href":"https:\/\/www.ernstbrunn-apotheke.at\/katalog\/wp-json\/wp\/v2\/product_cat?post=12699"},{"taxonomy":"product_tag","embeddable":true,"href":"https:\/\/www.ernstbrunn-apotheke.at\/katalog\/wp-json\/wp\/v2\/product_tag?post=12699"}],"curies":[{"name":"wp","href":"https:\/\/api.w.org\/{rel}","templated":true}]}}