{"id":12689,"date":"2025-11-07T14:54:08","date_gmt":"2025-11-07T13:54:08","guid":{"rendered":"https:\/\/www.ernstbrunn-apotheke.at\/katalog\/produkt\/hylo-care-augentropfen\/"},"modified":"2025-12-08T13:33:57","modified_gmt":"2025-12-08T12:33:57","slug":"hylo-care-augentropfen","status":"publish","type":"product","link":"https:\/\/www.ernstbrunn-apotheke.at\/katalog\/produkt\/hylo-care-augentropfen\/","title":{"rendered":"Hylo &#8211; Care Augentropfen"},"content":{"rendered":"<p>HYLO CARE befeuchtende Augentropfen sind dank der Kombination aus hochwertiger Hyalurons\u00e4ure und Dexpanthenol auf die Bed\u00fcrfnisse trockener und gestresster Augen ideal abgestimmt. Sie pflegen die Augenoberfl\u00e4che und unterst\u00fctzen durch das Plus an Feuchtigkeit die Wundheilung von Hornhaut und Bindehaut bei Verletzungen sowie nach Operationen. Durch ihre regenerationsf\u00f6rdernden Eigenschaften sind HYLO CARE\u00ae befeuchtende Augentropfen besonders bei leichten Verletzungen der Augenoberfl\u00e4che geeignet &#8211; bestellen Sie jetzt dort, wo Sie sich sicher sind!<\/p>\n","protected":false},"excerpt":{"rendered":"<p>HYLO CARE befeuchtende Augentropfen sind dank der Kombination aus hochwertiger Hyalurons\u00e4ure und Dexpanthenol auf die Bed\u00fcrfnisse trockener und gestresster Augen ideal abgestimmt. Sie pflegen die Augenoberfl\u00e4che und unterst\u00fctzen durch das Plus an Feuchtigkeit die Wundheilung von Hornhaut und Bindehaut bei Verletzungen sowie nach Operationen. Durch ihre regenerationsf\u00f6rdernden Eigenschaften sind HYLO CARE\u00ae befeuchtende Augentropfen besonders bei [&hellip;]<\/p>\n","protected":false},"featured_media":12691,"template":"","meta":{"_acf_changed":false},"product_brand":[405],"product_cat":[805],"product_tag":[],"class_list":{"0":"post-12689","1":"product","2":"type-product","3":"status-publish","4":"has-post-thumbnail","6":"product_brand-hylo","7":"product_cat-h","8":"pa_packungsgroesse-10ml","10":"first","11":"instock","12":"shipping-taxable","13":"purchasable","14":"product-type-simple"},"acf":[],"_links":{"self":[{"href":"https:\/\/www.ernstbrunn-apotheke.at\/katalog\/wp-json\/wp\/v2\/product\/12689","targetHints":{"allow":["GET"]}}],"collection":[{"href":"https:\/\/www.ernstbrunn-apotheke.at\/katalog\/wp-json\/wp\/v2\/product"}],"about":[{"href":"https:\/\/www.ernstbrunn-apotheke.at\/katalog\/wp-json\/wp\/v2\/types\/product"}],"wp:featuredmedia":[{"embeddable":true,"href":"https:\/\/www.ernstbrunn-apotheke.at\/katalog\/wp-json\/wp\/v2\/media\/12691"}],"wp:attachment":[{"href":"https:\/\/www.ernstbrunn-apotheke.at\/katalog\/wp-json\/wp\/v2\/media?parent=12689"}],"wp:term":[{"taxonomy":"product_brand","embeddable":true,"href":"https:\/\/www.ernstbrunn-apotheke.at\/katalog\/wp-json\/wp\/v2\/product_brand?post=12689"},{"taxonomy":"product_cat","embeddable":true,"href":"https:\/\/www.ernstbrunn-apotheke.at\/katalog\/wp-json\/wp\/v2\/product_cat?post=12689"},{"taxonomy":"product_tag","embeddable":true,"href":"https:\/\/www.ernstbrunn-apotheke.at\/katalog\/wp-json\/wp\/v2\/product_tag?post=12689"}],"curies":[{"name":"wp","href":"https:\/\/api.w.org\/{rel}","templated":true}]}}