{"id":12679,"date":"2025-11-07T14:54:08","date_gmt":"2025-11-07T13:54:08","guid":{"rendered":"https:\/\/www.ernstbrunn-apotheke.at\/katalog\/produkt\/siccaprotect-augentropfen\/"},"modified":"2025-12-08T13:33:56","modified_gmt":"2025-12-08T12:33:56","slug":"siccaprotect-augentropfen","status":"publish","type":"product","link":"https:\/\/www.ernstbrunn-apotheke.at\/katalog\/produkt\/siccaprotect-augentropfen\/","title":{"rendered":"Siccaprotect Augentropfen"},"content":{"rendered":"<p>Siccaprotect Augentropfen ist ein Tr\u00e4nenersatzmittel zur lokalen Anwendung am Auge. Der Tr\u00e4nenfilm auf der Oberfl\u00e4che unserer Augen ist ein recht kompliziertes Gebilde. Er besteht aus einer \u00e4u\u00dferlichen d\u00fcnnen Fettschicht, die verhindert, dass die Tr\u00e4nen zu schnell verdunsten. Darunter liegt die eigentliche w\u00e4ssrige Tr\u00e4nenschicht, die eine wichtige Funktion in der Versorgung der Zellen der Augenoberfl\u00e4che mit Sauerstoff und N\u00e4hrstoffen hat. Damit sich die Tr\u00e4nen gut auf dem Auge verteilen, wird die innerste Lage des Tr\u00e4nenfilms von einer Schleimschicht \u2013 der sogenannten Mucinschicht \u2013 gebildet, die gut an den Zellen der Horn- und Bindehaut des Auges haftet.<\/p>\n","protected":false},"excerpt":{"rendered":"<p>Siccaprotect Augentropfen ist ein Tr\u00e4nenersatzmittel zur lokalen Anwendung am Auge. Der Tr\u00e4nenfilm auf der Oberfl\u00e4che unserer Augen ist ein recht kompliziertes Gebilde. Er besteht aus einer \u00e4u\u00dferlichen d\u00fcnnen Fettschicht, die verhindert, dass die Tr\u00e4nen zu schnell verdunsten. Darunter liegt die eigentliche w\u00e4ssrige Tr\u00e4nenschicht, die eine wichtige Funktion in der Versorgung der Zellen der Augenoberfl\u00e4che mit [&hellip;]<\/p>\n","protected":false},"featured_media":12681,"template":"","meta":{"_acf_changed":false},"product_brand":[],"product_cat":[791],"product_tag":[],"class_list":{"0":"post-12679","1":"product","2":"type-product","3":"status-publish","4":"has-post-thumbnail","6":"product_cat-s","7":"pa_packungsgroesse-10ml","9":"first","10":"instock","11":"shipping-taxable","12":"purchasable","13":"product-type-simple"},"acf":[],"_links":{"self":[{"href":"https:\/\/www.ernstbrunn-apotheke.at\/katalog\/wp-json\/wp\/v2\/product\/12679","targetHints":{"allow":["GET"]}}],"collection":[{"href":"https:\/\/www.ernstbrunn-apotheke.at\/katalog\/wp-json\/wp\/v2\/product"}],"about":[{"href":"https:\/\/www.ernstbrunn-apotheke.at\/katalog\/wp-json\/wp\/v2\/types\/product"}],"wp:featuredmedia":[{"embeddable":true,"href":"https:\/\/www.ernstbrunn-apotheke.at\/katalog\/wp-json\/wp\/v2\/media\/12681"}],"wp:attachment":[{"href":"https:\/\/www.ernstbrunn-apotheke.at\/katalog\/wp-json\/wp\/v2\/media?parent=12679"}],"wp:term":[{"taxonomy":"product_brand","embeddable":true,"href":"https:\/\/www.ernstbrunn-apotheke.at\/katalog\/wp-json\/wp\/v2\/product_brand?post=12679"},{"taxonomy":"product_cat","embeddable":true,"href":"https:\/\/www.ernstbrunn-apotheke.at\/katalog\/wp-json\/wp\/v2\/product_cat?post=12679"},{"taxonomy":"product_tag","embeddable":true,"href":"https:\/\/www.ernstbrunn-apotheke.at\/katalog\/wp-json\/wp\/v2\/product_tag?post=12679"}],"curies":[{"name":"wp","href":"https:\/\/api.w.org\/{rel}","templated":true}]}}