{"id":126750,"date":"2025-11-13T14:52:31","date_gmt":"2025-11-13T13:52:31","guid":{"rendered":"https:\/\/www.ernstbrunn-apotheke.at\/katalog\/produkt\/master-lin-jasmin-green-tea-concentrate-60-g\/"},"modified":"2025-12-09T10:01:06","modified_gmt":"2025-12-09T09:01:06","slug":"master-lin-jasmin-green-tea-concentrate-60-g","status":"publish","type":"product","link":"https:\/\/www.ernstbrunn-apotheke.at\/katalog\/produkt\/master-lin-jasmin-green-tea-concentrate-60-g\/","title":{"rendered":"Master Lin Jasmin + Green Tea Concentrate 60 g"},"content":{"rendered":"<p>Master Lin Jasmin + Green Tea Concentrate sorgt f\u00fcr mehr Ausgeglichenheit und erg\u00e4nzt ideal die Entschlackungskur. Der geschmackvolle Tee sorgt f\u00fcr wohltuende, tiefe Entspannung und langanhaltenden Genuss.<\/p>\n","protected":false},"excerpt":{"rendered":"<p>Master Lin Jasmin + Green Tea Concentrate sorgt f\u00fcr mehr Ausgeglichenheit und erg\u00e4nzt ideal die Entschlackungskur. Der geschmackvolle Tee sorgt f\u00fcr wohltuende, tiefe Entspannung und langanhaltenden Genuss.<\/p>\n","protected":false},"featured_media":126752,"template":"","meta":{"_acf_changed":false},"product_brand":[],"product_cat":[800],"product_tag":[],"class_list":{"0":"post-126750","1":"product","2":"type-product","3":"status-publish","4":"has-post-thumbnail","6":"product_cat-m","7":"pa_packungsgroesse-60g","9":"first","10":"instock","11":"shipping-taxable","12":"purchasable","13":"product-type-simple"},"acf":[],"_links":{"self":[{"href":"https:\/\/www.ernstbrunn-apotheke.at\/katalog\/wp-json\/wp\/v2\/product\/126750","targetHints":{"allow":["GET"]}}],"collection":[{"href":"https:\/\/www.ernstbrunn-apotheke.at\/katalog\/wp-json\/wp\/v2\/product"}],"about":[{"href":"https:\/\/www.ernstbrunn-apotheke.at\/katalog\/wp-json\/wp\/v2\/types\/product"}],"wp:featuredmedia":[{"embeddable":true,"href":"https:\/\/www.ernstbrunn-apotheke.at\/katalog\/wp-json\/wp\/v2\/media\/126752"}],"wp:attachment":[{"href":"https:\/\/www.ernstbrunn-apotheke.at\/katalog\/wp-json\/wp\/v2\/media?parent=126750"}],"wp:term":[{"taxonomy":"product_brand","embeddable":true,"href":"https:\/\/www.ernstbrunn-apotheke.at\/katalog\/wp-json\/wp\/v2\/product_brand?post=126750"},{"taxonomy":"product_cat","embeddable":true,"href":"https:\/\/www.ernstbrunn-apotheke.at\/katalog\/wp-json\/wp\/v2\/product_cat?post=126750"},{"taxonomy":"product_tag","embeddable":true,"href":"https:\/\/www.ernstbrunn-apotheke.at\/katalog\/wp-json\/wp\/v2\/product_tag?post=126750"}],"curies":[{"name":"wp","href":"https:\/\/api.w.org\/{rel}","templated":true}]}}