{"id":126714,"date":"2025-11-13T14:51:36","date_gmt":"2025-11-13T13:51:36","guid":{"rendered":"https:\/\/www.ernstbrunn-apotheke.at\/katalog\/produkt\/manuka-honig-3\/"},"modified":"2025-12-09T10:01:01","modified_gmt":"2025-12-09T09:01:01","slug":"manuka-honig-3","status":"publish","type":"product","link":"https:\/\/www.ernstbrunn-apotheke.at\/katalog\/produkt\/manuka-honig-3\/","title":{"rendered":"Manuka Honig"},"content":{"rendered":"<p>Manuka Honig ist cremig und schmackhaft &#8211; kaltgeschleudert, 100% nat\u00fcrlich aus \u00f6kologischer Umgebung. Manuka Honig f\u00f6rdert und st\u00e4rkt bei Erk\u00e4ltung, Fieber oder Magen\/ Darmproblemen (innerliche Anwendung) &#8211; kann Wundheilung durch antibakterielle Eigenschaften beschleunigen (\u00e4u\u00dferliche Anwendung).<\/p>\n","protected":false},"excerpt":{"rendered":"<p>Manuka Honig ist cremig und schmackhaft &#8211; kaltgeschleudert, 100% nat\u00fcrlich aus \u00f6kologischer Umgebung. Manuka Honig f\u00f6rdert und st\u00e4rkt bei Erk\u00e4ltung, Fieber oder Magen\/ Darmproblemen (innerliche Anwendung) &#8211; kann Wundheilung durch antibakterielle Eigenschaften beschleunigen (\u00e4u\u00dferliche Anwendung).<\/p>\n","protected":false},"featured_media":126716,"template":"","meta":{"_acf_changed":false},"product_brand":[],"product_cat":[800],"product_tag":[],"class_list":{"0":"post-126714","1":"product","2":"type-product","3":"status-publish","4":"has-post-thumbnail","6":"product_cat-m","7":"pa_packungsgroesse-500g","9":"first","10":"instock","11":"shipping-taxable","12":"purchasable","13":"product-type-simple"},"acf":[],"_links":{"self":[{"href":"https:\/\/www.ernstbrunn-apotheke.at\/katalog\/wp-json\/wp\/v2\/product\/126714","targetHints":{"allow":["GET"]}}],"collection":[{"href":"https:\/\/www.ernstbrunn-apotheke.at\/katalog\/wp-json\/wp\/v2\/product"}],"about":[{"href":"https:\/\/www.ernstbrunn-apotheke.at\/katalog\/wp-json\/wp\/v2\/types\/product"}],"wp:featuredmedia":[{"embeddable":true,"href":"https:\/\/www.ernstbrunn-apotheke.at\/katalog\/wp-json\/wp\/v2\/media\/126716"}],"wp:attachment":[{"href":"https:\/\/www.ernstbrunn-apotheke.at\/katalog\/wp-json\/wp\/v2\/media?parent=126714"}],"wp:term":[{"taxonomy":"product_brand","embeddable":true,"href":"https:\/\/www.ernstbrunn-apotheke.at\/katalog\/wp-json\/wp\/v2\/product_brand?post=126714"},{"taxonomy":"product_cat","embeddable":true,"href":"https:\/\/www.ernstbrunn-apotheke.at\/katalog\/wp-json\/wp\/v2\/product_cat?post=126714"},{"taxonomy":"product_tag","embeddable":true,"href":"https:\/\/www.ernstbrunn-apotheke.at\/katalog\/wp-json\/wp\/v2\/product_tag?post=126714"}],"curies":[{"name":"wp","href":"https:\/\/api.w.org\/{rel}","templated":true}]}}