{"id":12661,"date":"2025-11-07T14:53:30","date_gmt":"2025-11-07T13:53:30","guid":{"rendered":"https:\/\/www.ernstbrunn-apotheke.at\/katalog\/produkt\/hylo-gel-augentropfen\/"},"modified":"2025-12-08T13:33:54","modified_gmt":"2025-12-08T12:33:54","slug":"hylo-gel-augentropfen","status":"publish","type":"product","link":"https:\/\/www.ernstbrunn-apotheke.at\/katalog\/produkt\/hylo-gel-augentropfen\/","title":{"rendered":"Hylo &#8211; Gel Augentropfen"},"content":{"rendered":"<p>HYLO GEL\u00ae Augentropfen bieten intensive und lang anhaltende Befeuchtung bei schwereren F\u00e4llen von trockenen Augen. Die Tropfen besitzen eine hochviskose Konsistenz und sind dadurch auf die speziellen Bed\u00fcrfnisse von schweren und chronischen Augenbeschwerden abgestimmt. Dar\u00fcber hinaus eignen sie sich hervorragend, um Augen nach einer Operation bei der Genesung zu unterst\u00fctzen. Aufgrund ihrer therapeutischen Eigenschaften sind HYLO GEL\u00ae befeuchtende Augentropfen f\u00fcr einige Erkrankungen verordnungsf\u00e4hig. Sie k\u00f6nnen also in diesen F\u00e4llen vom Arzt verschrieben und die Kosten von den Krankenkassen \u00fcbernommen werden. HYLO GEL\u00ae Augentropfen enthalten den Inhaltsstoff Hyalurons\u00e4ure und sind frei von Konservierungsstoffen und Phosphaten. Daher sind HYLO GEL\u00ae befeuchtende Augentropfen besonders gut vertr\u00e4glich.<\/p>\n","protected":false},"excerpt":{"rendered":"<p>HYLO GEL\u00ae Augentropfen bieten intensive und lang anhaltende Befeuchtung bei schwereren F\u00e4llen von trockenen Augen. Die Tropfen besitzen eine hochviskose Konsistenz und sind dadurch auf die speziellen Bed\u00fcrfnisse von schweren und chronischen Augenbeschwerden abgestimmt. Dar\u00fcber hinaus eignen sie sich hervorragend, um Augen nach einer Operation bei der Genesung zu unterst\u00fctzen. Aufgrund ihrer therapeutischen Eigenschaften sind [&hellip;]<\/p>\n","protected":false},"featured_media":12663,"template":"","meta":{"_acf_changed":false},"product_brand":[405],"product_cat":[805],"product_tag":[],"class_list":{"0":"post-12661","1":"product","2":"type-product","3":"status-publish","4":"has-post-thumbnail","6":"product_brand-hylo","7":"product_cat-h","8":"pa_packungsgroesse-1-stueck","10":"first","11":"instock","12":"shipping-taxable","13":"purchasable","14":"product-type-simple"},"acf":[],"_links":{"self":[{"href":"https:\/\/www.ernstbrunn-apotheke.at\/katalog\/wp-json\/wp\/v2\/product\/12661","targetHints":{"allow":["GET"]}}],"collection":[{"href":"https:\/\/www.ernstbrunn-apotheke.at\/katalog\/wp-json\/wp\/v2\/product"}],"about":[{"href":"https:\/\/www.ernstbrunn-apotheke.at\/katalog\/wp-json\/wp\/v2\/types\/product"}],"wp:featuredmedia":[{"embeddable":true,"href":"https:\/\/www.ernstbrunn-apotheke.at\/katalog\/wp-json\/wp\/v2\/media\/12663"}],"wp:attachment":[{"href":"https:\/\/www.ernstbrunn-apotheke.at\/katalog\/wp-json\/wp\/v2\/media?parent=12661"}],"wp:term":[{"taxonomy":"product_brand","embeddable":true,"href":"https:\/\/www.ernstbrunn-apotheke.at\/katalog\/wp-json\/wp\/v2\/product_brand?post=12661"},{"taxonomy":"product_cat","embeddable":true,"href":"https:\/\/www.ernstbrunn-apotheke.at\/katalog\/wp-json\/wp\/v2\/product_cat?post=12661"},{"taxonomy":"product_tag","embeddable":true,"href":"https:\/\/www.ernstbrunn-apotheke.at\/katalog\/wp-json\/wp\/v2\/product_tag?post=12661"}],"curies":[{"name":"wp","href":"https:\/\/api.w.org\/{rel}","templated":true}]}}