{"id":12651,"date":"2025-11-07T14:53:30","date_gmt":"2025-11-07T13:53:30","guid":{"rendered":"https:\/\/www.ernstbrunn-apotheke.at\/katalog\/produkt\/hylo-comod-augentropfen-doppelpackung-2-x-10ml\/"},"modified":"2025-12-08T13:33:52","modified_gmt":"2025-12-08T12:33:52","slug":"hylo-comod-augentropfen-doppelpackung-2-x-10ml","status":"publish","type":"product","link":"https:\/\/www.ernstbrunn-apotheke.at\/katalog\/produkt\/hylo-comod-augentropfen-doppelpackung-2-x-10ml\/","title":{"rendered":"Hylo &#8211; Comod Augentropfen Doppelpackung &#8211; 2 x 10ml"},"content":{"rendered":"<p>HYLO COMOD\u00ae befeuchtende Augentropfen bieten trockenen Augen die Feuchtigkeit, die sie ben\u00f6tigen. HYLO COMOD\u00ae befeuchtende Augentropfen bieten eine wirkungsvolle und zuverl\u00e4ssige (R\u00fcck-) Befeuchtung trockener Augen. Durch die Erg\u00e4nzung des nat\u00fcrlichen Tr\u00e4nenfilms sind die Augen langanhaltend vor schwerwiegenden Sch\u00e4digungen durch Austrocknung gesch\u00fctzt. Somit sind HYLO COMOD\u00ae befeuchtende Augentropfen die richtige L\u00f6sung bei Beschwerden trockener Augen.<\/p>\n","protected":false},"excerpt":{"rendered":"<p>HYLO COMOD\u00ae befeuchtende Augentropfen bieten trockenen Augen die Feuchtigkeit, die sie ben\u00f6tigen. HYLO COMOD\u00ae befeuchtende Augentropfen bieten eine wirkungsvolle und zuverl\u00e4ssige (R\u00fcck-) Befeuchtung trockener Augen. Durch die Erg\u00e4nzung des nat\u00fcrlichen Tr\u00e4nenfilms sind die Augen langanhaltend vor schwerwiegenden Sch\u00e4digungen durch Austrocknung gesch\u00fctzt. Somit sind HYLO COMOD\u00ae befeuchtende Augentropfen die richtige L\u00f6sung bei Beschwerden trockener Augen.<\/p>\n","protected":false},"featured_media":12653,"template":"","meta":{"_acf_changed":false},"product_brand":[405],"product_cat":[805],"product_tag":[],"class_list":{"0":"post-12651","1":"product","2":"type-product","3":"status-publish","4":"has-post-thumbnail","6":"product_brand-hylo","7":"product_cat-h","8":"pa_packungsgroesse-2-stueck","10":"first","11":"instock","12":"shipping-taxable","13":"purchasable","14":"product-type-simple"},"acf":[],"_links":{"self":[{"href":"https:\/\/www.ernstbrunn-apotheke.at\/katalog\/wp-json\/wp\/v2\/product\/12651","targetHints":{"allow":["GET"]}}],"collection":[{"href":"https:\/\/www.ernstbrunn-apotheke.at\/katalog\/wp-json\/wp\/v2\/product"}],"about":[{"href":"https:\/\/www.ernstbrunn-apotheke.at\/katalog\/wp-json\/wp\/v2\/types\/product"}],"wp:featuredmedia":[{"embeddable":true,"href":"https:\/\/www.ernstbrunn-apotheke.at\/katalog\/wp-json\/wp\/v2\/media\/12653"}],"wp:attachment":[{"href":"https:\/\/www.ernstbrunn-apotheke.at\/katalog\/wp-json\/wp\/v2\/media?parent=12651"}],"wp:term":[{"taxonomy":"product_brand","embeddable":true,"href":"https:\/\/www.ernstbrunn-apotheke.at\/katalog\/wp-json\/wp\/v2\/product_brand?post=12651"},{"taxonomy":"product_cat","embeddable":true,"href":"https:\/\/www.ernstbrunn-apotheke.at\/katalog\/wp-json\/wp\/v2\/product_cat?post=12651"},{"taxonomy":"product_tag","embeddable":true,"href":"https:\/\/www.ernstbrunn-apotheke.at\/katalog\/wp-json\/wp\/v2\/product_tag?post=12651"}],"curies":[{"name":"wp","href":"https:\/\/api.w.org\/{rel}","templated":true}]}}