{"id":126450,"date":"2025-11-13T14:44:51","date_gmt":"2025-11-13T13:44:51","guid":{"rendered":"https:\/\/www.ernstbrunn-apotheke.at\/katalog\/produkt\/burgerstein-l-lysin-500-mg-tabletten-100-stk\/"},"modified":"2025-12-09T10:00:18","modified_gmt":"2025-12-09T09:00:18","slug":"burgerstein-l-lysin-500-mg-tabletten-100-stk","status":"publish","type":"product","link":"https:\/\/www.ernstbrunn-apotheke.at\/katalog\/produkt\/burgerstein-l-lysin-500-mg-tabletten-100-stk\/","title":{"rendered":"Burgerstein L-Lysin 500 mg Tabletten 100 Stk."},"content":{"rendered":"<p>Burgerstein L-Lysin enth\u00e4lt pro Tagesportion (3 Tabl.) 1.5 g L-Lysin. L-Lysin ist eine essentielle Aminos\u00e4ure, das heisst sie kann vom K\u00f6rper nicht selber gebildet werden und muss daher mit der Nahrung zugef\u00fchrt werden. L-Lysin ist der Gegenspieler der Aminos\u00e4ure L-Arginin.<\/p>\n","protected":false},"excerpt":{"rendered":"<p>Burgerstein L-Lysin enth\u00e4lt pro Tagesportion (3 Tabl.) 1.5 g L-Lysin. L-Lysin ist eine essentielle Aminos\u00e4ure, das heisst sie kann vom K\u00f6rper nicht selber gebildet werden und muss daher mit der Nahrung zugef\u00fchrt werden. L-Lysin ist der Gegenspieler der Aminos\u00e4ure L-Arginin.<\/p>\n","protected":false},"featured_media":0,"template":"","meta":{"_acf_changed":false},"product_brand":[446],"product_cat":[802],"product_tag":[],"class_list":{"0":"post-126450","1":"product","2":"type-product","3":"status-publish","5":"product_brand-burgerstein","6":"product_cat-b","7":"pa_packungsgroesse-100-stueck","9":"first","10":"instock","11":"shipping-taxable","12":"purchasable","13":"product-type-simple"},"acf":[],"_links":{"self":[{"href":"https:\/\/www.ernstbrunn-apotheke.at\/katalog\/wp-json\/wp\/v2\/product\/126450","targetHints":{"allow":["GET"]}}],"collection":[{"href":"https:\/\/www.ernstbrunn-apotheke.at\/katalog\/wp-json\/wp\/v2\/product"}],"about":[{"href":"https:\/\/www.ernstbrunn-apotheke.at\/katalog\/wp-json\/wp\/v2\/types\/product"}],"wp:attachment":[{"href":"https:\/\/www.ernstbrunn-apotheke.at\/katalog\/wp-json\/wp\/v2\/media?parent=126450"}],"wp:term":[{"taxonomy":"product_brand","embeddable":true,"href":"https:\/\/www.ernstbrunn-apotheke.at\/katalog\/wp-json\/wp\/v2\/product_brand?post=126450"},{"taxonomy":"product_cat","embeddable":true,"href":"https:\/\/www.ernstbrunn-apotheke.at\/katalog\/wp-json\/wp\/v2\/product_cat?post=126450"},{"taxonomy":"product_tag","embeddable":true,"href":"https:\/\/www.ernstbrunn-apotheke.at\/katalog\/wp-json\/wp\/v2\/product_tag?post=126450"}],"curies":[{"name":"wp","href":"https:\/\/api.w.org\/{rel}","templated":true}]}}