{"id":126389,"date":"2025-11-13T14:43:49","date_gmt":"2025-11-13T13:43:49","guid":{"rendered":"https:\/\/www.ernstbrunn-apotheke.at\/katalog\/produkt\/lippenstifthuelsen-kunststoff-weiss-inhalt-48ml-huelle-polypropylen-drehmechanik-abfuellteil-polystyrol-empfohlene-abfuellmethode-eiswasserbad\/"},"modified":"2025-12-09T10:00:03","modified_gmt":"2025-12-09T09:00:03","slug":"lippenstifthuelsen-kunststoff-weiss-inhalt-48ml-huelle-polypropylen-drehmechanik-abfuellteil-polystyrol-empfohlene-abfuellmethode-eiswasserbad","status":"publish","type":"product","link":"https:\/\/www.ernstbrunn-apotheke.at\/katalog\/produkt\/lippenstifthuelsen-kunststoff-weiss-inhalt-48ml-huelle-polypropylen-drehmechanik-abfuellteil-polystyrol-empfohlene-abfuellmethode-eiswasserbad\/","title":{"rendered":"Lippenstifth\u00fclsen, Kunststoff, wei\u00df, Inhalt 4,8ml, H\u00fclle: Polypropylen, Drehmechanik (Abf\u00fcllteil), Polystyrol, Empfohlene Abf\u00fcllmethode: Eiswasserbad,"},"content":{"rendered":"","protected":false},"excerpt":{"rendered":"","protected":false},"featured_media":0,"template":"","meta":{"_acf_changed":false},"product_brand":[],"product_cat":[795],"product_tag":[],"class_list":{"0":"post-126389","1":"product","2":"type-product","3":"status-publish","5":"product_cat-l","6":"pa_packungsgroesse-20-stueck","8":"first","9":"instock","10":"shipping-taxable","11":"purchasable","12":"product-type-simple"},"acf":[],"_links":{"self":[{"href":"https:\/\/www.ernstbrunn-apotheke.at\/katalog\/wp-json\/wp\/v2\/product\/126389","targetHints":{"allow":["GET"]}}],"collection":[{"href":"https:\/\/www.ernstbrunn-apotheke.at\/katalog\/wp-json\/wp\/v2\/product"}],"about":[{"href":"https:\/\/www.ernstbrunn-apotheke.at\/katalog\/wp-json\/wp\/v2\/types\/product"}],"wp:attachment":[{"href":"https:\/\/www.ernstbrunn-apotheke.at\/katalog\/wp-json\/wp\/v2\/media?parent=126389"}],"wp:term":[{"taxonomy":"product_brand","embeddable":true,"href":"https:\/\/www.ernstbrunn-apotheke.at\/katalog\/wp-json\/wp\/v2\/product_brand?post=126389"},{"taxonomy":"product_cat","embeddable":true,"href":"https:\/\/www.ernstbrunn-apotheke.at\/katalog\/wp-json\/wp\/v2\/product_cat?post=126389"},{"taxonomy":"product_tag","embeddable":true,"href":"https:\/\/www.ernstbrunn-apotheke.at\/katalog\/wp-json\/wp\/v2\/product_tag?post=126389"}],"curies":[{"name":"wp","href":"https:\/\/api.w.org\/{rel}","templated":true}]}}