{"id":126345,"date":"2025-11-13T14:42:22","date_gmt":"2025-11-13T13:42:22","guid":{"rendered":"https:\/\/www.ernstbrunn-apotheke.at\/katalog\/produkt\/linusit-leinsamen-plus-500-g\/"},"modified":"2025-12-09T09:59:59","modified_gmt":"2025-12-09T08:59:59","slug":"linusit-leinsamen-plus-500-g","status":"publish","type":"product","link":"https:\/\/www.ernstbrunn-apotheke.at\/katalog\/produkt\/linusit-leinsamen-plus-500-g\/","title":{"rendered":"Linusit Leinsamen Plus 500 g"},"content":{"rendered":"<p>Linusit Leinsamen Plus sind reich an hochwertigen und l\u00f6slichen Ballaststoffen, die stark quellen k\u00f6nnen. Ebenso liefern sie die f\u00fcr den K\u00f6rper wichtige Omega-3-Fetts\u00e4ure \u2013-Linolens\u00e4ure. Kombiniert mit den Inhaltsstoffen von Feige und Pflaume sowie mit Milchzucker sorgt Leinsamen plus f\u00fcr ein rundum gutes Bauchgef\u00fchl.<\/p>\n","protected":false},"excerpt":{"rendered":"<p>Linusit Leinsamen Plus sind reich an hochwertigen und l\u00f6slichen Ballaststoffen, die stark quellen k\u00f6nnen. Ebenso liefern sie die f\u00fcr den K\u00f6rper wichtige Omega-3-Fetts\u00e4ure \u2013-Linolens\u00e4ure. Kombiniert mit den Inhaltsstoffen von Feige und Pflaume sowie mit Milchzucker sorgt Leinsamen plus f\u00fcr ein rundum gutes Bauchgef\u00fchl.<\/p>\n","protected":false},"featured_media":0,"template":"","meta":{"_acf_changed":false},"product_brand":[],"product_cat":[795],"product_tag":[],"class_list":{"0":"post-126345","1":"product","2":"type-product","3":"status-publish","5":"product_cat-l","6":"pa_packungsgroesse-500g","8":"first","9":"instock","10":"shipping-taxable","11":"purchasable","12":"product-type-simple"},"acf":[],"_links":{"self":[{"href":"https:\/\/www.ernstbrunn-apotheke.at\/katalog\/wp-json\/wp\/v2\/product\/126345","targetHints":{"allow":["GET"]}}],"collection":[{"href":"https:\/\/www.ernstbrunn-apotheke.at\/katalog\/wp-json\/wp\/v2\/product"}],"about":[{"href":"https:\/\/www.ernstbrunn-apotheke.at\/katalog\/wp-json\/wp\/v2\/types\/product"}],"wp:attachment":[{"href":"https:\/\/www.ernstbrunn-apotheke.at\/katalog\/wp-json\/wp\/v2\/media?parent=126345"}],"wp:term":[{"taxonomy":"product_brand","embeddable":true,"href":"https:\/\/www.ernstbrunn-apotheke.at\/katalog\/wp-json\/wp\/v2\/product_brand?post=126345"},{"taxonomy":"product_cat","embeddable":true,"href":"https:\/\/www.ernstbrunn-apotheke.at\/katalog\/wp-json\/wp\/v2\/product_cat?post=126345"},{"taxonomy":"product_tag","embeddable":true,"href":"https:\/\/www.ernstbrunn-apotheke.at\/katalog\/wp-json\/wp\/v2\/product_tag?post=126345"}],"curies":[{"name":"wp","href":"https:\/\/api.w.org\/{rel}","templated":true}]}}