{"id":126130,"date":"2025-11-13T14:37:25","date_gmt":"2025-11-13T13:37:25","guid":{"rendered":"https:\/\/www.ernstbrunn-apotheke.at\/katalog\/produkt\/lenscare-kombi-loesungbehaelter-four-direction-380-ml\/"},"modified":"2025-12-09T09:59:25","modified_gmt":"2025-12-09T08:59:25","slug":"lenscare-kombi-loesungbehaelter-four-direction-380-ml","status":"publish","type":"product","link":"https:\/\/www.ernstbrunn-apotheke.at\/katalog\/produkt\/lenscare-kombi-loesungbehaelter-four-direction-380-ml\/","title":{"rendered":"Lenscare Kombi-L\u00f6sung+Beh\u00e4lter Four Direction 380 ml"},"content":{"rendered":"<p>Kontaktlinsen und Pflegemittel der Lenscare Komfort Linie bestehen aus bew\u00e4hrten, herk\u00f6mmlichen Materialien und Inhaltsstoffen. Dank leichter Handhabung und spontaner Vertr\u00e4glichkeit sind die Tages- und Monatslinsen der Komfort Linie ideal f\u00fcr Einsteiger und Umsteiger. Das sehr gute Preis-Leistungs-Verh\u00e4ltnis macht die gesamte Komfort Linie f\u00fcr eine breite K\u00e4uferschicht attraktiv.<\/p>\n","protected":false},"excerpt":{"rendered":"<p>Kontaktlinsen und Pflegemittel der Lenscare Komfort Linie bestehen aus bew\u00e4hrten, herk\u00f6mmlichen Materialien und Inhaltsstoffen. Dank leichter Handhabung und spontaner Vertr\u00e4glichkeit sind die Tages- und Monatslinsen der Komfort Linie ideal f\u00fcr Einsteiger und Umsteiger. Das sehr gute Preis-Leistungs-Verh\u00e4ltnis macht die gesamte Komfort Linie f\u00fcr eine breite K\u00e4uferschicht attraktiv.<\/p>\n","protected":false},"featured_media":126132,"template":"","meta":{"_acf_changed":false},"product_brand":[],"product_cat":[795],"product_tag":[],"class_list":{"0":"post-126130","1":"product","2":"type-product","3":"status-publish","4":"has-post-thumbnail","6":"product_cat-l","7":"pa_packungsgroesse-380ml","9":"first","10":"instock","11":"shipping-taxable","12":"purchasable","13":"product-type-simple"},"acf":[],"_links":{"self":[{"href":"https:\/\/www.ernstbrunn-apotheke.at\/katalog\/wp-json\/wp\/v2\/product\/126130","targetHints":{"allow":["GET"]}}],"collection":[{"href":"https:\/\/www.ernstbrunn-apotheke.at\/katalog\/wp-json\/wp\/v2\/product"}],"about":[{"href":"https:\/\/www.ernstbrunn-apotheke.at\/katalog\/wp-json\/wp\/v2\/types\/product"}],"wp:featuredmedia":[{"embeddable":true,"href":"https:\/\/www.ernstbrunn-apotheke.at\/katalog\/wp-json\/wp\/v2\/media\/126132"}],"wp:attachment":[{"href":"https:\/\/www.ernstbrunn-apotheke.at\/katalog\/wp-json\/wp\/v2\/media?parent=126130"}],"wp:term":[{"taxonomy":"product_brand","embeddable":true,"href":"https:\/\/www.ernstbrunn-apotheke.at\/katalog\/wp-json\/wp\/v2\/product_brand?post=126130"},{"taxonomy":"product_cat","embeddable":true,"href":"https:\/\/www.ernstbrunn-apotheke.at\/katalog\/wp-json\/wp\/v2\/product_cat?post=126130"},{"taxonomy":"product_tag","embeddable":true,"href":"https:\/\/www.ernstbrunn-apotheke.at\/katalog\/wp-json\/wp\/v2\/product_tag?post=126130"}],"curies":[{"name":"wp","href":"https:\/\/api.w.org\/{rel}","templated":true}]}}